{"id":37759,"date":"2024-03-22T10:29:54","date_gmt":"2024-03-22T10:29:54","guid":{"rendered":"https:\/\/web.phios.group\/trayectoria-profesional\/"},"modified":"2026-03-30T07:46:07","modified_gmt":"2026-03-30T07:46:07","slug":"trayectoria-profesional","status":"publish","type":"page","link":"https:\/\/phios.group\/es\/quienes-somos\/trayectoria-profesional\/","title":{"rendered":"Trayectoria profesional"},"content":{"rendered":"<div class=\"gb-container gb-container-d84c15d1 subpage-intro gb-container-intro\">\n<div class=\"gb-container gb-container-d7b7477b gb-container-intro-inner\">\n\n<p>\u00bfBuscas un reto profesional apasionante en una empresa innovadora? Buscamos personas dedicadas y con talento para unirse a nuestro equipo. Si quieres llevar tu carrera al siguiente nivel, \u00a1pres\u00e9ntanos tu candidatura hoy mismo!<\/p>\n\n<\/div>\n<\/div>\n\n<div class=\"gb-container gb-container-755da848 scroll-loop gb-container-standard\">\n\n<div class=\"gb-grid-wrapper gb-grid-wrapper-4d38a287 gb-query-loop-wrapper\">\n<div class=\"gb-grid-column gb-grid-column-cd47a98a gb-query-loop-item post-39095 jobs type-jobs status-publish hentry\"><div class=\"gb-container gb-container-cd47a98a teaser-wrapper\"><a class=\"gb-container-link\" href=\"https:\/\/phios.group\/es\/trayectoria-profesional\/senior-embedded-software-engineer\/\"><\/a>\n<p class=\"gb-headline gb-headline-f2720bb9\"><span class=\"gb-icon\"><svg aria-hidden=\"true\" role=\"img\" height=\"1em\" width=\"1em\" viewbox=\"0 0 384 512\" xmlns=\"http:\/\/www.w3.org\/2000\/svg\"><path fill=\"currentColor\" d=\"M172.268 501.67C26.97 291.031 0 269.413 0 192 0 85.961 85.961 0 192 0s192 85.961 192 192c0 77.413-26.97 99.031-172.268 309.67-9.535 13.774-29.93 13.773-39.464 0zM192 272c44.183 0 80-35.817 80-80s-35.817-80-80-80-80 35.817-80 80 35.817 80 80 80z\"><\/path><\/svg><\/span><span class=\"gb-headline-text\">Ruggell, Liechtenstein<\/span><\/p>\n\n<div class=\"gb-headline gb-headline-03f6bb64 gb-headline-text gb-headline-teaser\">Senior Embedded Software Engineer<\/div>\n\n\n\n\n<div class=\"gb-headline gb-headline-dc60def4 teaser-icon\"><span class=\"gb-icon\"><svg aria-hidden=\"true\" role=\"img\" height=\"1em\" width=\"1em\" viewBox=\"0 0 256 512\" xmlns=\"http:\/\/www.w3.org\/2000\/svg\"><path fill=\"currentColor\" d=\"M224.3 273l-136 136c-9.4 9.4-24.6 9.4-33.9 0l-22.6-22.6c-9.4-9.4-9.4-24.6 0-33.9l96.4-96.4-96.4-96.4c-9.4-9.4-9.4-24.6 0-33.9L54.3 103c9.4-9.4 24.6-9.4 33.9 0l136 136c9.5 9.4 9.5 24.6.1 34z\"><\/path><\/svg><\/span><\/div>\n\n<\/div><\/div>\n\n<div class=\"gb-grid-column gb-grid-column-cd47a98a gb-query-loop-item post-37786 jobs type-jobs status-publish hentry\"><div class=\"gb-container gb-container-cd47a98a teaser-wrapper\"><a class=\"gb-container-link\" href=\"https:\/\/phios.group\/es\/trayectoria-profesional\/senior-software-engineer-2\/\"><\/a>\n<p class=\"gb-headline gb-headline-f2720bb9\"><span class=\"gb-icon\"><svg aria-hidden=\"true\" role=\"img\" height=\"1em\" width=\"1em\" viewbox=\"0 0 384 512\" xmlns=\"http:\/\/www.w3.org\/2000\/svg\"><path fill=\"currentColor\" d=\"M172.268 501.67C26.97 291.031 0 269.413 0 192 0 85.961 85.961 0 192 0s192 85.961 192 192c0 77.413-26.97 99.031-172.268 309.67-9.535 13.774-29.93 13.773-39.464 0zM192 272c44.183 0 80-35.817 80-80s-35.817-80-80-80-80 35.817-80 80 35.817 80 80 80z\"><\/path><\/svg><\/span><span class=\"gb-headline-text\">Ruggell, Liechtenstein or Vienna, Austria or Valencia, Spain<\/span><\/p>\n\n<div class=\"gb-headline gb-headline-03f6bb64 gb-headline-text gb-headline-teaser\">Senior Software Engineer<\/div>\n\n<div class=\"gb-headline gb-headline-d49721d6 gb-headline-text gb-headline-teaser\">(Fullstack)<\/div>\n\n\n<div class=\"gb-headline gb-headline-dc60def4 teaser-icon\"><span class=\"gb-icon\"><svg aria-hidden=\"true\" role=\"img\" height=\"1em\" width=\"1em\" viewBox=\"0 0 256 512\" xmlns=\"http:\/\/www.w3.org\/2000\/svg\"><path fill=\"currentColor\" d=\"M224.3 273l-136 136c-9.4 9.4-24.6 9.4-33.9 0l-22.6-22.6c-9.4-9.4-9.4-24.6 0-33.9l96.4-96.4-96.4-96.4c-9.4-9.4-9.4-24.6 0-33.9L54.3 103c9.4-9.4 24.6-9.4 33.9 0l136 136c9.5 9.4 9.5 24.6.1 34z\"><\/path><\/svg><\/span><\/div>\n\n<\/div><\/div>\n<\/div>\n\n<\/div>\n\n<div class=\"gb-container gb-container-611dd764 gb-container-standard\">\n\n<h2 class=\"gb-headline gb-headline-63adc4a3 gb-headline-text gb-headline-pre-h2\">Invertimos en experiencia<\/h2>\n\n\n\n<h2 class=\"gb-headline gb-headline-4ab478e1 gb-headline-text\">Solicitud espont\u00e1nea<\/h2>\n\n\n\n<p class=\"gb-headline gb-headline-e36907f7 gb-headline-text\">\u00bfEl trabajo de sus sue\u00f1os no est\u00e1 disponible en este momento? \u00bfPero est\u00e1 convencido de que encajamos bien? Env\u00edenos su solicitud y d\u00edganos c\u00f3mo y en qu\u00e9 \u00e1rea le gustar\u00eda unirse a nosotros. Estaremos encantados de conocerle <\/p>\n\n\n<style id=\"wpforms-css-vars-36829-block-d4f0baa1-a9d7-463b-8e81-991a0b6d4a9a\">\n\t\t\t\t#wpforms-36829.wpforms-block-d4f0baa1-a9d7-463b-8e81-991a0b6d4a9a {\n\t\t\t\t--wpforms-label-color: var(--base);\n--wpforms-label-sublabel-color: var(--base);\n--wpforms-field-background-color: var(--contrast-1);\n--wpforms-field-border-color: var(--base);\n--wpforms-field-border-color-spare: var(--base);\n--wpforms-field-text-color: var(--base);\n--wpforms-button-border-radius: 0px;\n--wpforms-button-background-color: var(--base-3);\n--wpforms-field-size-input-height: 43px;\n--wpforms-field-size-input-spacing: 15px;\n--wpforms-field-size-font-size: 16px;\n--wpforms-field-size-line-height: 19px;\n--wpforms-field-size-padding-h: 14px;\n--wpforms-field-size-checkbox-size: 16px;\n--wpforms-field-size-sublabel-spacing: 5px;\n--wpforms-field-size-icon-size: 1;\n--wpforms-label-size-font-size: 16px;\n--wpforms-label-size-line-height: 19px;\n--wpforms-label-size-sublabel-font-size: 14px;\n--wpforms-label-size-sublabel-line-height: 17px;\n--wpforms-button-size-font-size: 17px;\n--wpforms-button-size-height: 41px;\n--wpforms-button-size-padding-h: 15px;\n--wpforms-button-size-margin-top: 10px;\n--wpforms-container-shadow-size-box-shadow: none;\n\t\t\t}\n\t\t\t<\/style><div class=\"wpforms-container wpforms-container-full wpforms-block wpforms-block-d4f0baa1-a9d7-463b-8e81-991a0b6d4a9a wpforms-render-modern\" id=\"wpforms-36829\"><form id=\"wpforms-form-36829\" class=\"wpforms-validate wpforms-form wpforms-ajax-form\" data-formid=\"36829\" method=\"post\" enctype=\"multipart\/form-data\" action=\"\/es\/wp-json\/wp\/v2\/pages\/37759?wpforms_form_id=36829\" data-token=\"c0ec49747da425e543e7d2a68a1d785d\" data-token-time=\"1775728174\"><noscript class=\"wpforms-error-noscript\">Por favor, activa JavaScript en tu navegador para completar este formulario.<\/noscript><div id=\"wpforms-error-noscript\" style=\"display: none;\">Por favor, activa JavaScript en tu navegador para completar este formulario.<\/div><div class=\"wpforms-field-container\"><div id=\"wpforms-36829-field_4-container\" class=\"wpforms-field wpforms-field-hidden\" data-field-id=\"4\"><input type=\"hidden\" id=\"wpforms-36829-field_4\" name=\"wpforms[fields][4]\"><\/div>\t\t<div id=\"wpforms-36829-field_7-container\"\n\t\t\tclass=\"wpforms-field wpforms-field-text\"\n\t\t\tdata-field-type=\"text\"\n\t\t\tdata-field-id=\"7\"\n\t\t\t>\n\t\t\t<label class=\"wpforms-field-label\" for=\"wpforms-36829-field_7\" >Consentimiento Curriculum Nombre<\/label>\n\t\t\t<input type=\"text\" id=\"wpforms-36829-field_7\" class=\"wpforms-field-medium\" name=\"wpforms[fields][7]\" >\n\t\t<\/div>\n\t\t<div id=\"wpforms-36829-field_1-container\" class=\"wpforms-field wpforms-field-name\" data-field-id=\"1\"><fieldset><legend class=\"wpforms-field-label\">Nombre <span class=\"wpforms-required-label\" aria-hidden=\"true\">*<\/span><\/legend><div class=\"wpforms-field-row wpforms-field-large\"><div class=\"wpforms-field-row-block wpforms-first wpforms-one-half\"><input type=\"text\" id=\"wpforms-36829-field_1\" class=\"wpforms-field-name-first wpforms-field-required\" name=\"wpforms[fields][1][first]\" aria-errormessage=\"wpforms-36829-field_1-error\" required><label for=\"wpforms-36829-field_1\" class=\"wpforms-field-sublabel after\">Nombre<\/label><\/div><div class=\"wpforms-field-row-block wpforms-one-half\"><input type=\"text\" id=\"wpforms-36829-field_1-last\" class=\"wpforms-field-name-last wpforms-field-required\" name=\"wpforms[fields][1][last]\" aria-errormessage=\"wpforms-36829-field_1-last-error\" required><label for=\"wpforms-36829-field_1-last\" class=\"wpforms-field-sublabel after\">Apellido<\/label><\/div><\/div><\/fieldset><\/div><div id=\"wpforms-36829-field_2-container\" class=\"wpforms-field wpforms-field-email wpforms-conditional-trigger\" data-field-id=\"2\"><label class=\"wpforms-field-label\" for=\"wpforms-36829-field_2\">Correo electr\u00f3nico <span class=\"wpforms-required-label\" aria-hidden=\"true\">*<\/span><\/label><input type=\"email\" id=\"wpforms-36829-field_2\" class=\"wpforms-field-large wpforms-field-required\" name=\"wpforms[fields][2]\" spellcheck=\"false\" aria-errormessage=\"wpforms-36829-field_2-error\" required><\/div><div id=\"wpforms-36829-field_3-container\" class=\"wpforms-field wpforms-field-file-upload\" data-field-id=\"3\"><label class=\"wpforms-field-label\" for=\"wpforms-36829-field_3\">Curriculum vitae,&#8230; <span class=\"wpforms-required-label\" aria-hidden=\"true\">*<\/span><\/label><div\n\t\tclass=\"wpforms-uploader wpforms-field-required\"\n\t\tdata-field-id=\"3\"\n\t\tdata-form-id=\"36829\"\n\t\tdata-input-name=\"wpforms_36829_3\"\n\t\tdata-extensions=\"doc,xls,ppt,pdf\"\n\t\tdata-max-size=\"10485760\"\n\t\tdata-max-file-number=\"5\"\n\t\tdata-post-max-size=\"67108864\"\n\t\tdata-max-parallel-uploads=\"4\"\n\t\tdata-parallel-uploads=\"true\"\n\t\tdata-file-chunk-size=\"2097152\">\n\t<div class=\"dz-message\">\n\t\t<svg  viewBox=\"0 0 640 640\" focusable=\"false\" data-icon=\"inbox\" width=\"50px\" height=\"50px\" fill=\"currentColor\" aria-hidden=\"true\">\n\t\t\t<path d=\"M352 173.3L352 384C352 401.7 337.7 416 320 416C302.3 416 288 401.7 288 384L288 173.3L246.6 214.7C234.1 227.2 213.8 227.2 201.3 214.7C188.8 202.2 188.8 181.9 201.3 169.4L297.3 73.4C309.8 60.9 330.1 60.9 342.6 73.4L438.6 169.4C451.1 181.9 451.1 202.2 438.6 214.7C426.1 227.2 405.8 227.2 393.3 214.7L352 173.3zM320 464C364.2 464 400 428.2 400 384L480 384C515.3 384 544 412.7 544 448L544 480C544 515.3 515.3 544 480 544L160 544C124.7 544 96 515.3 96 480L96 448C96 412.7 124.7 384 160 384L240 384C240 428.2 275.8 464 320 464zM464 488C477.3 488 488 477.3 488 464C488 450.7 477.3 440 464 440C450.7 440 440 450.7 440 464C440 477.3 450.7 488 464 488z\"\/>\n\t\t<\/svg>\n\n\t\t<span class=\"modern-title\">\n\t\t\t\t\t\t\tDrag &amp; Drop Files, \t\t\t\t<span>Choose Files to Upload<\/span>\n\t\t\t\t\t<\/span>\n\n\t\t\t\t\t<span class=\"modern-hint\">Puedes subir hasta 5 archivos.<\/span>\n\t\t\t<\/div>\n<\/div>\n\n<input\n\t\ttype=\"text\"\n\t\tautocomplete=\"off\"\n\t\treadonly\n\t\tclass=\"dropzone-input\"\n\t\tstyle=\"position:absolute!important;clip:rect(0,0,0,0)!important;height:1px!important;width:1px!important;border:0!important;overflow:hidden!important;padding:0!important;margin:0!important;\"\n\t\tid=\"wpforms-36829-field_3\"\n\t\tname=\"wpforms_36829_3\" required\t\tvalue=\"\">\n<\/div><div id=\"wpforms-36829-field_5-container\" class=\"wpforms-field wpforms-field-gdpr-checkbox\" data-field-id=\"5\"><label class=\"wpforms-field-label\">Consentimiento GDPR <span class=\"wpforms-required-label\" aria-hidden=\"true\">*<\/span><\/label><ul id=\"wpforms-36829-field_5\" class=\"wpforms-field-required\"><li class=\"choice-1\"><input type=\"checkbox\" id=\"wpforms-36829-field_5_1\" name=\"wpforms[fields][5][]\" value=\"He le\u00eddo la &lt;a href=&quot;https:\/\/phios.group\/es\/politica-de-privacidad\/&quot; target=&quot;_blank&quot;&gt;pol\u00edtica de privacidad&lt;\/a&gt; y acepto voluntariamente sus t\u00e9rminos. Autorizo el almacenamiento y tratamiento electr\u00f3nico de los datos que he proporcionado por parte de PHIOS con el fin de responder a mi consulta. Entiendo que puedo revocar este consentimiento en cualquier momento con efectos futuros. Asimismo, soy consciente de que tengo derecho de acceso, rectificaci\u00f3n, supresi\u00f3n, limitaci\u00f3n del tratamiento y portabilidad de los datos.\" aria-errormessage=\"wpforms-36829-field_5_1-error\" required ><label class=\"wpforms-field-label-inline\" for=\"wpforms-36829-field_5_1\">He le\u00eddo la <a href=\"https:\/\/phios.group\/es\/politica-de-privacidad\/\" target=\"_blank\">pol\u00edtica de privacidad<\/a> y acepto voluntariamente sus t\u00e9rminos. Autorizo el almacenamiento y tratamiento electr\u00f3nico de los datos que he proporcionado por parte de PHIOS con el fin de responder a mi consulta. Entiendo que puedo revocar este consentimiento en cualquier momento con efectos futuros. Asimismo, soy consciente de que tengo derecho de acceso, rectificaci\u00f3n, supresi\u00f3n, limitaci\u00f3n del tratamiento y portabilidad de los datos.<\/label><\/li><\/ul><\/div><div id=\"wpforms-36829-field_6-container\" class=\"wpforms-field wpforms-field-captcha wpforms-conditional-field wpforms-conditional-show\" data-field-id=\"6\" style=\"display:none;\"><label class=\"wpforms-field-label\" for=\"wpforms-36829-field_6\">Soy un ser humano <span class=\"wpforms-required-label\" aria-hidden=\"true\">*<\/span><\/label>\t\t\t<div class=\"wpforms-captcha-math\">\n\t\t\t\t<span id=\"wpforms-36829-field_6-question\" class=\"wpforms-captcha-equation\">\n\t\t\t\t\t<span class=\"n1\">9<\/span>\n\t\t\t\t\t\t\t<span class=\"cal\">*<\/span>\n\t\t\t\t\t\t\t<span class=\"n2\">4<\/span>\t\t\t\t\t<span class=\"e\">=<\/span>\n\t\t\t\t<\/span>\n\t\t\t\t<input type=\"text\" id=\"wpforms-36829-field_6\" class=\"wpforms-field-medium wpforms-field-required a\" data-rule-wpf-captcha=\"math\" data-is-wrapped-field=\"1\" name=\"wpforms[fields][6][a]\" aria-errormessage=\"wpforms-36829-field_6-error\" aria-describedby=\"wpforms-36829-field_6-question\" required>\t\t\t\t<input type=\"hidden\" name=\"wpforms[fields][6][cal]\" class=\"cal\">\n\t\t\t\t<input type=\"hidden\" name=\"wpforms[fields][6][n2]\" class=\"n2\">\n\t\t\t\t<input type=\"hidden\" name=\"wpforms[fields][6][n1]\" class=\"n1\">\n\t\t\t<\/div>\n\t\t\t<\/div><script>\n\t\t\t\t( function() {\n\t\t\t\t\tconst style = document.createElement( 'style' );\n\t\t\t\t\tstyle.appendChild( document.createTextNode( '#wpforms-36829-field_7-container { position: absolute !important; overflow: hidden !important; display: inline !important; height: 1px !important; width: 1px !important; z-index: -1000 !important; padding: 0 !important; } #wpforms-36829-field_7-container input { visibility: hidden; } #wpforms-conversational-form-page #wpforms-36829-field_7-container label { counter-increment: none; }' ) );\n\t\t\t\t\tdocument.head.appendChild( style );\n\t\t\t\t\tdocument.currentScript?.remove();\n\t\t\t\t} )();\n\t\t\t<\/script><\/div><!-- .wpforms-field-container --><div class=\"wpforms-submit-container\" ><input type=\"hidden\" name=\"wpforms[id]\" value=\"36829\"><input type=\"hidden\" name=\"page_title\" value=\"\"><input type=\"hidden\" name=\"page_url\" value=\"https:\/\/phios.group\/es\/wp-json\/wp\/v2\/pages\/37759\"><input type=\"hidden\" name=\"url_referer\" value=\"\"><button type=\"submit\" name=\"wpforms[submit]\" id=\"wpforms-submit-36829\" class=\"wpforms-submit\" data-alt-text=\"Se enviar\u00e1 \u2026\" data-submit-text=\"Enviar solicitud\" aria-live=\"assertive\" value=\"wpforms-submit\">Enviar solicitud<\/button><img decoding=\"async\" src=\"https:\/\/phios.group\/wp-content\/plugins\/wpforms\/assets\/images\/submit-spin.svg\" class=\"wpforms-submit-spinner\" style=\"display: none;\" width=\"26\" height=\"26\" alt=\"Cargando\"><\/div><\/form><\/div>  <!-- .wpforms-container -->\n<\/div>","protected":false},"excerpt":{"rendered":"<p>\u00bfBuscas un reto profesional apasionante en una empresa innovadora? Buscamos personas dedicadas y con talento para unirse a nuestro equipo. Si quieres llevar tu carrera al siguiente nivel, \u00a1pres\u00e9ntanos tu candidatura hoy mismo! Invertimos en experiencia Solicitud espont\u00e1nea \u00bfEl trabajo &#8230; <a title=\"Trayectoria profesional\" class=\"read-more\" href=\"https:\/\/phios.group\/es\/quienes-somos\/trayectoria-profesional\/\" aria-label=\"Leer m\u00e1s sobre Trayectoria profesional\">Leer m\u00e1s<\/a><\/p>\n","protected":false},"author":4,"featured_media":0,"parent":37761,"menu_order":0,"comment_status":"closed","ping_status":"closed","template":"","meta":{"_acf_changed":false,"footnotes":""},"class_list":["post-37759","page","type-page","status-publish"],"acf":[],"yoast_head":"<!-- This site is optimized with the Yoast SEO Premium plugin v27.3 (Yoast SEO v27.3) - https:\/\/yoast.com\/product\/yoast-seo-premium-wordpress\/ -->\n<title>Trayectoria profesional \u2013 PHIOS<\/title>\n<meta name=\"description\" content=\"Siempre buscamos ingenieros que quieran abordar problemas complejos y desarrollar soluciones integrales.\" \/>\n<meta name=\"robots\" content=\"index, follow, max-snippet:-1, max-image-preview:large, max-video-preview:-1\" \/>\n<link rel=\"canonical\" href=\"https:\/\/phios.group\/es\/quienes-somos\/trayectoria-profesional\/\" \/>\n<meta property=\"og:locale\" content=\"es_ES\" \/>\n<meta property=\"og:type\" content=\"article\" \/>\n<meta property=\"og:title\" content=\"Trayectoria profesional\" \/>\n<meta property=\"og:description\" content=\"Siempre buscamos ingenieros que quieran abordar problemas complejos y desarrollar soluciones integrales.\" \/>\n<meta property=\"og:url\" content=\"https:\/\/phios.group\/es\/quienes-somos\/trayectoria-profesional\/\" \/>\n<meta property=\"og:site_name\" content=\"PHIOS\" \/>\n<meta property=\"article:modified_time\" content=\"2026-03-30T07:46:07+00:00\" \/>\n<meta name=\"twitter:card\" content=\"summary_large_image\" \/>\n<meta name=\"twitter:label1\" content=\"Tiempo de lectura\" \/>\n\t<meta name=\"twitter:data1\" content=\"1 minuto\" \/>\n<script type=\"application\/ld+json\" class=\"yoast-schema-graph\">{\"@context\":\"https:\\\/\\\/schema.org\",\"@graph\":[{\"@type\":\"WebPage\",\"@id\":\"https:\\\/\\\/phios.group\\\/es\\\/quienes-somos\\\/trayectoria-profesional\\\/\",\"url\":\"https:\\\/\\\/phios.group\\\/es\\\/quienes-somos\\\/trayectoria-profesional\\\/\",\"name\":\"Trayectoria profesional \u2013 PHIOS\",\"isPartOf\":{\"@id\":\"https:\\\/\\\/phios.group\\\/es\\\/#website\"},\"datePublished\":\"2024-03-22T10:29:54+00:00\",\"dateModified\":\"2026-03-30T07:46:07+00:00\",\"description\":\"Siempre buscamos ingenieros que quieran abordar problemas complejos y desarrollar soluciones integrales.\",\"breadcrumb\":{\"@id\":\"https:\\\/\\\/phios.group\\\/es\\\/quienes-somos\\\/trayectoria-profesional\\\/#breadcrumb\"},\"inLanguage\":\"es\",\"potentialAction\":[{\"@type\":\"ReadAction\",\"target\":[\"https:\\\/\\\/phios.group\\\/es\\\/quienes-somos\\\/trayectoria-profesional\\\/\"]}]},{\"@type\":\"BreadcrumbList\",\"@id\":\"https:\\\/\\\/phios.group\\\/es\\\/quienes-somos\\\/trayectoria-profesional\\\/#breadcrumb\",\"itemListElement\":[{\"@type\":\"ListItem\",\"position\":1,\"name\":\"Home\",\"item\":\"https:\\\/\\\/phios.group\\\/es\\\/\"},{\"@type\":\"ListItem\",\"position\":2,\"name\":\"Qui\u00e9nes somos\",\"item\":\"https:\\\/\\\/phios.group\\\/es\\\/quienes-somos\\\/\"},{\"@type\":\"ListItem\",\"position\":3,\"name\":\"Trayectoria profesional\"}]},{\"@type\":\"WebSite\",\"@id\":\"https:\\\/\\\/phios.group\\\/es\\\/#website\",\"url\":\"https:\\\/\\\/phios.group\\\/es\\\/\",\"name\":\"PHIOS Group\",\"description\":\"we empower your business\",\"publisher\":{\"@id\":\"https:\\\/\\\/phios.group\\\/es\\\/#organization\"},\"potentialAction\":[{\"@type\":\"SearchAction\",\"target\":{\"@type\":\"EntryPoint\",\"urlTemplate\":\"https:\\\/\\\/phios.group\\\/es\\\/?s={search_term_string}\"},\"query-input\":{\"@type\":\"PropertyValueSpecification\",\"valueRequired\":true,\"valueName\":\"search_term_string\"}}],\"inLanguage\":\"es\"},{\"@type\":[\"Organization\",\"Place\"],\"@id\":\"https:\\\/\\\/phios.group\\\/es\\\/#organization\",\"name\":\"PHIOS AG\",\"url\":\"https:\\\/\\\/phios.group\\\/es\\\/\",\"logo\":{\"@id\":\"https:\\\/\\\/phios.group\\\/es\\\/quienes-somos\\\/trayectoria-profesional\\\/#local-main-organization-logo\"},\"image\":{\"@id\":\"https:\\\/\\\/phios.group\\\/es\\\/quienes-somos\\\/trayectoria-profesional\\\/#local-main-organization-logo\"},\"sameAs\":[\"https:\\\/\\\/www.instagram.com\\\/phios.group\\\/\",\"https:\\\/\\\/www.linkedin.com\\\/company\\\/phios-group\\\/\"],\"telephone\":[],\"openingHoursSpecification\":[{\"@type\":\"OpeningHoursSpecification\",\"dayOfWeek\":[\"Monday\",\"Tuesday\",\"Wednesday\",\"Thursday\",\"Friday\",\"Saturday\",\"Sunday\"],\"opens\":\"09:00\",\"closes\":\"17:00\"}]},{\"@type\":\"ImageObject\",\"inLanguage\":\"es\",\"@id\":\"https:\\\/\\\/phios.group\\\/es\\\/quienes-somos\\\/trayectoria-profesional\\\/#local-main-organization-logo\",\"url\":\"https:\\\/\\\/phios.group\\\/wp-content\\\/uploads\\\/PHIOS-Logomark-RGB.png\",\"contentUrl\":\"https:\\\/\\\/phios.group\\\/wp-content\\\/uploads\\\/PHIOS-Logomark-RGB.png\",\"width\":1042,\"height\":1025,\"caption\":\"PHIOS AG\"}]}<\/script>\n<!-- \/ Yoast SEO Premium plugin. -->","yoast_head_json":{"title":"Trayectoria profesional \u2013 PHIOS","description":"Siempre buscamos ingenieros que quieran abordar problemas complejos y desarrollar soluciones integrales.","robots":{"index":"index","follow":"follow","max-snippet":"max-snippet:-1","max-image-preview":"max-image-preview:large","max-video-preview":"max-video-preview:-1"},"canonical":"https:\/\/phios.group\/es\/quienes-somos\/trayectoria-profesional\/","og_locale":"es_ES","og_type":"article","og_title":"Trayectoria profesional","og_description":"Siempre buscamos ingenieros que quieran abordar problemas complejos y desarrollar soluciones integrales.","og_url":"https:\/\/phios.group\/es\/quienes-somos\/trayectoria-profesional\/","og_site_name":"PHIOS","article_modified_time":"2026-03-30T07:46:07+00:00","twitter_card":"summary_large_image","twitter_misc":{"Tiempo de lectura":"1 minuto"},"schema":{"@context":"https:\/\/schema.org","@graph":[{"@type":"WebPage","@id":"https:\/\/phios.group\/es\/quienes-somos\/trayectoria-profesional\/","url":"https:\/\/phios.group\/es\/quienes-somos\/trayectoria-profesional\/","name":"Trayectoria profesional \u2013 PHIOS","isPartOf":{"@id":"https:\/\/phios.group\/es\/#website"},"datePublished":"2024-03-22T10:29:54+00:00","dateModified":"2026-03-30T07:46:07+00:00","description":"Siempre buscamos ingenieros que quieran abordar problemas complejos y desarrollar soluciones integrales.","breadcrumb":{"@id":"https:\/\/phios.group\/es\/quienes-somos\/trayectoria-profesional\/#breadcrumb"},"inLanguage":"es","potentialAction":[{"@type":"ReadAction","target":["https:\/\/phios.group\/es\/quienes-somos\/trayectoria-profesional\/"]}]},{"@type":"BreadcrumbList","@id":"https:\/\/phios.group\/es\/quienes-somos\/trayectoria-profesional\/#breadcrumb","itemListElement":[{"@type":"ListItem","position":1,"name":"Home","item":"https:\/\/phios.group\/es\/"},{"@type":"ListItem","position":2,"name":"Qui\u00e9nes somos","item":"https:\/\/phios.group\/es\/quienes-somos\/"},{"@type":"ListItem","position":3,"name":"Trayectoria profesional"}]},{"@type":"WebSite","@id":"https:\/\/phios.group\/es\/#website","url":"https:\/\/phios.group\/es\/","name":"PHIOS Group","description":"we empower your business","publisher":{"@id":"https:\/\/phios.group\/es\/#organization"},"potentialAction":[{"@type":"SearchAction","target":{"@type":"EntryPoint","urlTemplate":"https:\/\/phios.group\/es\/?s={search_term_string}"},"query-input":{"@type":"PropertyValueSpecification","valueRequired":true,"valueName":"search_term_string"}}],"inLanguage":"es"},{"@type":["Organization","Place"],"@id":"https:\/\/phios.group\/es\/#organization","name":"PHIOS AG","url":"https:\/\/phios.group\/es\/","logo":{"@id":"https:\/\/phios.group\/es\/quienes-somos\/trayectoria-profesional\/#local-main-organization-logo"},"image":{"@id":"https:\/\/phios.group\/es\/quienes-somos\/trayectoria-profesional\/#local-main-organization-logo"},"sameAs":["https:\/\/www.instagram.com\/phios.group\/","https:\/\/www.linkedin.com\/company\/phios-group\/"],"telephone":[],"openingHoursSpecification":[{"@type":"OpeningHoursSpecification","dayOfWeek":["Monday","Tuesday","Wednesday","Thursday","Friday","Saturday","Sunday"],"opens":"09:00","closes":"17:00"}]},{"@type":"ImageObject","inLanguage":"es","@id":"https:\/\/phios.group\/es\/quienes-somos\/trayectoria-profesional\/#local-main-organization-logo","url":"https:\/\/phios.group\/wp-content\/uploads\/PHIOS-Logomark-RGB.png","contentUrl":"https:\/\/phios.group\/wp-content\/uploads\/PHIOS-Logomark-RGB.png","width":1042,"height":1025,"caption":"PHIOS AG"}]}},"_links":{"self":[{"href":"https:\/\/phios.group\/es\/wp-json\/wp\/v2\/pages\/37759","targetHints":{"allow":["GET"]}}],"collection":[{"href":"https:\/\/phios.group\/es\/wp-json\/wp\/v2\/pages"}],"about":[{"href":"https:\/\/phios.group\/es\/wp-json\/wp\/v2\/types\/page"}],"author":[{"embeddable":true,"href":"https:\/\/phios.group\/es\/wp-json\/wp\/v2\/users\/4"}],"replies":[{"embeddable":true,"href":"https:\/\/phios.group\/es\/wp-json\/wp\/v2\/comments?post=37759"}],"version-history":[{"count":2,"href":"https:\/\/phios.group\/es\/wp-json\/wp\/v2\/pages\/37759\/revisions"}],"predecessor-version":[{"id":38013,"href":"https:\/\/phios.group\/es\/wp-json\/wp\/v2\/pages\/37759\/revisions\/38013"}],"up":[{"embeddable":true,"href":"https:\/\/phios.group\/es\/wp-json\/wp\/v2\/pages\/37761"}],"wp:attachment":[{"href":"https:\/\/phios.group\/es\/wp-json\/wp\/v2\/media?parent=37759"}],"curies":[{"name":"wp","href":"https:\/\/api.w.org\/{rel}","templated":true}]}}