{"id":37761,"date":"2024-03-22T10:28:56","date_gmt":"2024-03-22T10:28:56","guid":{"rendered":"https:\/\/web.phios.group\/quienes-somos\/"},"modified":"2026-03-30T07:42:11","modified_gmt":"2026-03-30T07:42:11","slug":"quienes-somos","status":"publish","type":"page","link":"https:\/\/phios.group\/es\/quienes-somos\/","title":{"rendered":"Qui\u00e9nes somos"},"content":{"rendered":"<div class=\"gb-container gb-container-d84c15d1 subpage-intro gb-container-intro\">\n<div class=\"gb-container gb-container-d7b7477b gb-container-intro-inner\">\n\n<p class=\"gb-headline gb-headline-b4bd77d8 gb-headline-text\">PHIOS lleva a cabo proyectos de digitalizaci\u00f3n y transformaci\u00f3n en todos los sectores de la econom\u00eda, desde la industria y el comercio hasta la administraci\u00f3n. Nuestra fascinaci\u00f3n por la ingenier\u00eda de software, la energ\u00eda y la sostenibilidad es el motor de nuestro entusiasmo en cada proyecto.<\/p>\n\n<\/div>\n<\/div>\n\n<div class=\"gb-container gb-container-0b7b4ea0 text-image-section gb-container-standard\">\n<div class=\"gb-grid-wrapper gb-grid-wrapper-4ddacd4b gb-grid-wrapper-medium\">\n<div class=\"gb-grid-column gb-grid-column-db84e672\"><div class=\"gb-container gb-container-db84e672\">\n\n<div class=\"gb-headline gb-headline-0cb94d27 gb-headline-text gb-headline-pre-h2\">Establecemos normas estrictas<\/div>\n\n\n\n<h2 class=\"gb-headline gb-headline-46a49e62 gb-headline-text\">Porque nos tomamos cada proyecto como algo personal<\/h2>\n\n\n\n<p class=\"gb-headline gb-headline-06357683 gb-headline-text\">Nos ponemos sus gafas, nos sumergimos en su negocio diario y comprendemos qu\u00e9 le impulsa y qu\u00e9 le detiene. Nuestro equipo entiende exactamente c\u00f3mo funciona su modelo de negocio, cu\u00e1les son sus objetivos y qu\u00e9 oportunidades existen. Porque su visi\u00f3n es lo que queremos hacer realidad. \u00c9sa es nuestra misi\u00f3n.<\/p>\n\n<\/div><\/div>\n\n<div class=\"gb-grid-column gb-grid-column-bbbb9e11\"><div class=\"gb-container gb-container-bbbb9e11\">\n\n<figure class=\"gb-block-image gb-block-image-e92e1d8a\"><img decoding=\"async\" width=\"2048\" height=\"1365\" class=\"gb-image gb-image-e92e1d8a\" src=\"https:\/\/phios.group\/wp-content\/uploads\/GM1A6312.jpg\" alt=\"\" title=\"GM1A6312\" srcset=\"https:\/\/phios.group\/wp-content\/uploads\/GM1A6312.jpg 2048w, https:\/\/phios.group\/wp-content\/uploads\/GM1A6312-300x200.jpg 300w, https:\/\/phios.group\/wp-content\/uploads\/GM1A6312-1024x683.jpg 1024w, https:\/\/phios.group\/wp-content\/uploads\/GM1A6312-768x512.jpg 768w, https:\/\/phios.group\/wp-content\/uploads\/GM1A6312-1536x1024.jpg 1536w\" sizes=\"(max-width: 2048px) 100vw, 2048px\" \/><\/figure>\n\n<\/div><\/div>\n<\/div>\n<\/div>\n\n<div class=\"gb-container gb-container-d8763dbc image-text-section gb-container-standard\">\n<div class=\"gb-grid-wrapper gb-grid-wrapper-3fa94005 gb-grid-wrapper-medium\">\n<div class=\"gb-grid-column gb-grid-column-e525ffff\"><div class=\"gb-container gb-container-e525ffff\">\n\n<figure class=\"gb-block-image gb-block-image-ce1020c8\"><img decoding=\"async\" width=\"1024\" height=\"768\" class=\"gb-image gb-image-ce1020c8\" src=\"https:\/\/phios.group\/wp-content\/uploads\/dji_fly_20240711_092450_549_1720682772567_photo_optimized_small-min.jpg\" alt=\"PHIOS Ruggell\" srcset=\"https:\/\/phios.group\/wp-content\/uploads\/dji_fly_20240711_092450_549_1720682772567_photo_optimized_small-min.jpg 1024w, https:\/\/phios.group\/wp-content\/uploads\/dji_fly_20240711_092450_549_1720682772567_photo_optimized_small-min-300x225.jpg 300w, https:\/\/phios.group\/wp-content\/uploads\/dji_fly_20240711_092450_549_1720682772567_photo_optimized_small-min-768x576.jpg 768w\" sizes=\"(max-width: 1024px) 100vw, 1024px\" \/><\/figure>\n\n<\/div><\/div>\n\n<div class=\"gb-grid-column gb-grid-column-bf1c536e\"><div class=\"gb-container gb-container-bf1c536e\">\n\n<div class=\"gb-headline gb-headline-3450965c gb-headline-text gb-headline-pre-h2\">Liechtenstein<\/div>\n\n\n\n<h2 class=\"gb-headline gb-headline-00564326 gb-headline-text\">PHIOS en Ruggell<\/h2>\n\n\n\n<p>Con nuestra ubicaci\u00f3n en Ruggell, hemos puesto la primera piedra y establecido nuestra sede para proyectos de toda la regi\u00f3n DACH. Nuestra oficina en el pol\u00edgono industrial de Ruggell est\u00e1 situada en el centro del tri\u00e1ngulo fronterizo y es de f\u00e1cil acceso para todos los empleados.<\/p>\n\n\n\n<p><strong>PHIOS AG<\/strong><br>Industriestrasse 27<br>9491 Ruggell<br>Liechtenstein<\/p>\n\n<\/div><\/div>\n<\/div>\n<\/div>\n\n<div class=\"gb-container gb-container-7a3c5901 image-text-section gb-container-standard\">\n<div class=\"gb-grid-wrapper gb-grid-wrapper-7ddd2111 gb-grid-wrapper-medium\">\n<div class=\"gb-grid-column gb-grid-column-f0ec7d83\"><div class=\"gb-container gb-container-f0ec7d83\">\n\n<div class=\"gb-headline gb-headline-48963504 gb-headline-text gb-headline-pre-h2\">ESPA\u00d1A<\/div>\n\n\n\n<h2 class=\"gb-headline gb-headline-76e47a2e gb-headline-text\">PHIOS en Valencia<\/h2>\n\n\n\n<p>Desde 2021, nuestra sucursal en Valencia ha enriquecido al equipo de Ruggell con conocimientos t\u00e9cnicos y experiencia internacional adicional. La oficina goza de una ubicaci\u00f3n c\u00e9ntrica en el coraz\u00f3n de esta vibrante ciudad.  <\/p>\n\n<\/div><\/div>\n\n<div class=\"gb-grid-column gb-grid-column-2ee6c2b4\"><div class=\"gb-container gb-container-2ee6c2b4\">\n\n<figure class=\"gb-block-image gb-block-image-00e193a8\"><img decoding=\"async\" width=\"2519\" height=\"1889\" class=\"gb-image gb-image-00e193a8\" src=\"https:\/\/phios.group\/wp-content\/uploads\/phios-valencia-architektur.jpg\" alt=\"\" srcset=\"https:\/\/phios.group\/wp-content\/uploads\/phios-valencia-architektur.jpg 2519w, https:\/\/phios.group\/wp-content\/uploads\/phios-valencia-architektur-300x225.jpg 300w, https:\/\/phios.group\/wp-content\/uploads\/phios-valencia-architektur-1024x768.jpg 1024w, https:\/\/phios.group\/wp-content\/uploads\/phios-valencia-architektur-768x576.jpg 768w, https:\/\/phios.group\/wp-content\/uploads\/phios-valencia-architektur-1536x1152.jpg 1536w, https:\/\/phios.group\/wp-content\/uploads\/phios-valencia-architektur-2048x1536.jpg 2048w\" sizes=\"(max-width: 2519px) 100vw, 2519px\" \/><\/figure>\n\n<\/div><\/div>\n<\/div>\n<\/div>\n\n<div class=\"gb-container gb-container-859d3ab1 image-text-section gb-container-standard\">\n<div class=\"gb-grid-wrapper gb-grid-wrapper-fb6ecac1 gb-grid-wrapper-medium\">\n<div class=\"gb-grid-column gb-grid-column-a6cb4d8c\"><div class=\"gb-container gb-container-a6cb4d8c\">\n\n<figure class=\"gb-block-image gb-block-image-24ff91b2\"><img decoding=\"async\" width=\"2048\" height=\"1363\" class=\"gb-image gb-image-24ff91b2\" src=\"https:\/\/phios.group\/wp-content\/uploads\/jacek-dylag-5SjAaqqCCmY-unsplash-min.jpg\" alt=\"PHIOS Wien\" srcset=\"https:\/\/phios.group\/wp-content\/uploads\/jacek-dylag-5SjAaqqCCmY-unsplash-min.jpg 2048w, https:\/\/phios.group\/wp-content\/uploads\/jacek-dylag-5SjAaqqCCmY-unsplash-min-300x200.jpg 300w, https:\/\/phios.group\/wp-content\/uploads\/jacek-dylag-5SjAaqqCCmY-unsplash-min-1024x682.jpg 1024w, https:\/\/phios.group\/wp-content\/uploads\/jacek-dylag-5SjAaqqCCmY-unsplash-min-768x511.jpg 768w, https:\/\/phios.group\/wp-content\/uploads\/jacek-dylag-5SjAaqqCCmY-unsplash-min-1536x1022.jpg 1536w\" sizes=\"(max-width: 2048px) 100vw, 2048px\" \/><\/figure>\n\n<\/div><\/div>\n\n<div class=\"gb-grid-column gb-grid-column-a96454f3\"><div class=\"gb-container gb-container-a96454f3\">\n\n<div class=\"gb-headline gb-headline-79d155c0 gb-headline-text gb-headline-pre-h2\">Austria<\/div>\n\n\n\n<h2 class=\"gb-headline gb-headline-47fd4670 gb-headline-text\">PHIOS en Viena<\/h2>\n\n\n\n<p>en 2022, PHIOS consigui\u00f3 otro hogar en el primer distrito de Viena. All\u00ed nos centraremos en la adquisici\u00f3n y realizaci\u00f3n de nuestros proyectos con especial atenci\u00f3n al este de Austria y al sector energ\u00e9tico.<\/p>\n\n\n\n<p><strong>PHIOS GmbH<\/strong><br>Biberstra\u00dfe 9\/9<br>1010 Viena<br>Austria<\/p>\n\n<\/div><\/div>\n<\/div>\n<\/div>\n\n<div class=\"gb-container gb-container-fe6339dd jobs-outer-wrapper\">\n<div class=\"gb-container gb-container-bd52b752 jobs-inner-wrapper gb-container-standard\">\n\n<h2 class=\"gb-headline gb-headline-7434a114 gb-headline-text\">Su carrera en PHIOS<\/h2>\n\n\n\n<p class=\"gb-headline gb-headline-51e51332 gb-headline-text\">Busca un nuevo reto \u00bfQu\u00e9 le parece un trabajo satisfactorio en un equipo innovador que asume tareas complejas? Siempre estamos a la b\u00fasqueda de buenas personas y \u00a1estamos deseando conocerle!<\/p>\n\n\n\n<a class=\"gb-button gb-button-9f36dd43 gb-button-text gb-button-secondary\" href=\"https:\/\/phios.group\/es\/quienes-somos\/trayectoria-profesional\/\">M\u00e1s informaci\u00f3n<\/a>\n\n<\/div>\n<\/div>","protected":false},"excerpt":{"rendered":"<p>PHIOS lleva a cabo proyectos de digitalizaci\u00f3n y transformaci\u00f3n en todos los sectores de la econom\u00eda, desde la industria y el comercio hasta la administraci\u00f3n. Nuestra fascinaci\u00f3n por la ingenier\u00eda de software, la energ\u00eda y la sostenibilidad es el motor &#8230; <a title=\"Qui\u00e9nes somos\" class=\"read-more\" href=\"https:\/\/phios.group\/es\/quienes-somos\/\" aria-label=\"Leer m\u00e1s sobre Qui\u00e9nes somos\">Leer m\u00e1s<\/a><\/p>\n","protected":false},"author":4,"featured_media":0,"parent":0,"menu_order":0,"comment_status":"closed","ping_status":"closed","template":"","meta":{"_acf_changed":false,"footnotes":""},"class_list":["post-37761","page","type-page","status-publish"],"acf":[],"yoast_head":"<!-- This site is optimized with the Yoast SEO Premium plugin v27.3 (Yoast SEO v27.3) - https:\/\/yoast.com\/product\/yoast-seo-premium-wordpress\/ -->\n<title>Qui\u00e9nes somos \u2013 PHIOS<\/title>\n<meta name=\"description\" content=\"PHIOS lleva a cabo proyectos de digitalizaci\u00f3n y transformaci\u00f3n en todos los sectores de la econom\u00eda, desde la industria y el comercio hasta la administraci\u00f3n.\" \/>\n<meta name=\"robots\" content=\"index, follow, max-snippet:-1, max-image-preview:large, max-video-preview:-1\" \/>\n<link rel=\"canonical\" href=\"https:\/\/phios.group\/es\/quienes-somos\/\" \/>\n<meta property=\"og:locale\" content=\"es_ES\" \/>\n<meta property=\"og:type\" content=\"article\" \/>\n<meta property=\"og:title\" content=\"Qui\u00e9nes somos\" \/>\n<meta property=\"og:description\" content=\"PHIOS lleva a cabo proyectos de digitalizaci\u00f3n y transformaci\u00f3n en todos los sectores de la econom\u00eda, desde la industria y el comercio hasta la administraci\u00f3n.\" \/>\n<meta property=\"og:url\" content=\"https:\/\/phios.group\/es\/quienes-somos\/\" \/>\n<meta property=\"og:site_name\" content=\"PHIOS\" \/>\n<meta property=\"article:modified_time\" content=\"2026-03-30T07:42:11+00:00\" \/>\n<meta property=\"og:image\" content=\"https:\/\/phios.group\/wp-content\/uploads\/GM1A6312.jpg\" \/>\n<meta name=\"twitter:card\" content=\"summary_large_image\" \/>\n<meta name=\"twitter:label1\" content=\"Tiempo de lectura\" \/>\n\t<meta name=\"twitter:data1\" content=\"3 minutos\" \/>\n<script type=\"application\/ld+json\" class=\"yoast-schema-graph\">{\"@context\":\"https:\\\/\\\/schema.org\",\"@graph\":[{\"@type\":\"WebPage\",\"@id\":\"https:\\\/\\\/phios.group\\\/es\\\/quienes-somos\\\/\",\"url\":\"https:\\\/\\\/phios.group\\\/es\\\/quienes-somos\\\/\",\"name\":\"Qui\u00e9nes somos \u2013 PHIOS\",\"isPartOf\":{\"@id\":\"https:\\\/\\\/phios.group\\\/es\\\/#website\"},\"primaryImageOfPage\":{\"@id\":\"https:\\\/\\\/phios.group\\\/es\\\/quienes-somos\\\/#primaryimage\"},\"image\":{\"@id\":\"https:\\\/\\\/phios.group\\\/es\\\/quienes-somos\\\/#primaryimage\"},\"thumbnailUrl\":\"https:\\\/\\\/phios.group\\\/wp-content\\\/uploads\\\/GM1A6312.jpg\",\"datePublished\":\"2024-03-22T10:28:56+00:00\",\"dateModified\":\"2026-03-30T07:42:11+00:00\",\"description\":\"PHIOS lleva a cabo proyectos de digitalizaci\u00f3n y transformaci\u00f3n en todos los sectores de la econom\u00eda, desde la industria y el comercio hasta la administraci\u00f3n.\",\"breadcrumb\":{\"@id\":\"https:\\\/\\\/phios.group\\\/es\\\/quienes-somos\\\/#breadcrumb\"},\"inLanguage\":\"es\",\"potentialAction\":[{\"@type\":\"ReadAction\",\"target\":[\"https:\\\/\\\/phios.group\\\/es\\\/quienes-somos\\\/\"]}]},{\"@type\":\"ImageObject\",\"inLanguage\":\"es\",\"@id\":\"https:\\\/\\\/phios.group\\\/es\\\/quienes-somos\\\/#primaryimage\",\"url\":\"https:\\\/\\\/phios.group\\\/wp-content\\\/uploads\\\/GM1A6312.jpg\",\"contentUrl\":\"https:\\\/\\\/phios.group\\\/wp-content\\\/uploads\\\/GM1A6312.jpg\"},{\"@type\":\"BreadcrumbList\",\"@id\":\"https:\\\/\\\/phios.group\\\/es\\\/quienes-somos\\\/#breadcrumb\",\"itemListElement\":[{\"@type\":\"ListItem\",\"position\":1,\"name\":\"Home\",\"item\":\"https:\\\/\\\/phios.group\\\/es\\\/\"},{\"@type\":\"ListItem\",\"position\":2,\"name\":\"Qui\u00e9nes somos\"}]},{\"@type\":\"WebSite\",\"@id\":\"https:\\\/\\\/phios.group\\\/es\\\/#website\",\"url\":\"https:\\\/\\\/phios.group\\\/es\\\/\",\"name\":\"PHIOS Group\",\"description\":\"we empower your business\",\"publisher\":{\"@id\":\"https:\\\/\\\/phios.group\\\/es\\\/#organization\"},\"potentialAction\":[{\"@type\":\"SearchAction\",\"target\":{\"@type\":\"EntryPoint\",\"urlTemplate\":\"https:\\\/\\\/phios.group\\\/es\\\/?s={search_term_string}\"},\"query-input\":{\"@type\":\"PropertyValueSpecification\",\"valueRequired\":true,\"valueName\":\"search_term_string\"}}],\"inLanguage\":\"es\"},{\"@type\":[\"Organization\",\"Place\"],\"@id\":\"https:\\\/\\\/phios.group\\\/es\\\/#organization\",\"name\":\"PHIOS AG\",\"url\":\"https:\\\/\\\/phios.group\\\/es\\\/\",\"logo\":{\"@id\":\"https:\\\/\\\/phios.group\\\/es\\\/quienes-somos\\\/#local-main-organization-logo\"},\"image\":{\"@id\":\"https:\\\/\\\/phios.group\\\/es\\\/quienes-somos\\\/#local-main-organization-logo\"},\"sameAs\":[\"https:\\\/\\\/www.instagram.com\\\/phios.group\\\/\",\"https:\\\/\\\/www.linkedin.com\\\/company\\\/phios-group\\\/\"],\"telephone\":[],\"openingHoursSpecification\":[{\"@type\":\"OpeningHoursSpecification\",\"dayOfWeek\":[\"Monday\",\"Tuesday\",\"Wednesday\",\"Thursday\",\"Friday\",\"Saturday\",\"Sunday\"],\"opens\":\"09:00\",\"closes\":\"17:00\"}]},{\"@type\":\"ImageObject\",\"inLanguage\":\"es\",\"@id\":\"https:\\\/\\\/phios.group\\\/es\\\/quienes-somos\\\/#local-main-organization-logo\",\"url\":\"https:\\\/\\\/phios.group\\\/wp-content\\\/uploads\\\/PHIOS-Logomark-RGB.png\",\"contentUrl\":\"https:\\\/\\\/phios.group\\\/wp-content\\\/uploads\\\/PHIOS-Logomark-RGB.png\",\"width\":1042,\"height\":1025,\"caption\":\"PHIOS AG\"}]}<\/script>\n<!-- \/ Yoast SEO Premium plugin. -->","yoast_head_json":{"title":"Qui\u00e9nes somos \u2013 PHIOS","description":"PHIOS lleva a cabo proyectos de digitalizaci\u00f3n y transformaci\u00f3n en todos los sectores de la econom\u00eda, desde la industria y el comercio hasta la administraci\u00f3n.","robots":{"index":"index","follow":"follow","max-snippet":"max-snippet:-1","max-image-preview":"max-image-preview:large","max-video-preview":"max-video-preview:-1"},"canonical":"https:\/\/phios.group\/es\/quienes-somos\/","og_locale":"es_ES","og_type":"article","og_title":"Qui\u00e9nes somos","og_description":"PHIOS lleva a cabo proyectos de digitalizaci\u00f3n y transformaci\u00f3n en todos los sectores de la econom\u00eda, desde la industria y el comercio hasta la administraci\u00f3n.","og_url":"https:\/\/phios.group\/es\/quienes-somos\/","og_site_name":"PHIOS","article_modified_time":"2026-03-30T07:42:11+00:00","og_image":[{"url":"https:\/\/phios.group\/wp-content\/uploads\/GM1A6312.jpg","type":"","width":"","height":""}],"twitter_card":"summary_large_image","twitter_misc":{"Tiempo de lectura":"3 minutos"},"schema":{"@context":"https:\/\/schema.org","@graph":[{"@type":"WebPage","@id":"https:\/\/phios.group\/es\/quienes-somos\/","url":"https:\/\/phios.group\/es\/quienes-somos\/","name":"Qui\u00e9nes somos \u2013 PHIOS","isPartOf":{"@id":"https:\/\/phios.group\/es\/#website"},"primaryImageOfPage":{"@id":"https:\/\/phios.group\/es\/quienes-somos\/#primaryimage"},"image":{"@id":"https:\/\/phios.group\/es\/quienes-somos\/#primaryimage"},"thumbnailUrl":"https:\/\/phios.group\/wp-content\/uploads\/GM1A6312.jpg","datePublished":"2024-03-22T10:28:56+00:00","dateModified":"2026-03-30T07:42:11+00:00","description":"PHIOS lleva a cabo proyectos de digitalizaci\u00f3n y transformaci\u00f3n en todos los sectores de la econom\u00eda, desde la industria y el comercio hasta la administraci\u00f3n.","breadcrumb":{"@id":"https:\/\/phios.group\/es\/quienes-somos\/#breadcrumb"},"inLanguage":"es","potentialAction":[{"@type":"ReadAction","target":["https:\/\/phios.group\/es\/quienes-somos\/"]}]},{"@type":"ImageObject","inLanguage":"es","@id":"https:\/\/phios.group\/es\/quienes-somos\/#primaryimage","url":"https:\/\/phios.group\/wp-content\/uploads\/GM1A6312.jpg","contentUrl":"https:\/\/phios.group\/wp-content\/uploads\/GM1A6312.jpg"},{"@type":"BreadcrumbList","@id":"https:\/\/phios.group\/es\/quienes-somos\/#breadcrumb","itemListElement":[{"@type":"ListItem","position":1,"name":"Home","item":"https:\/\/phios.group\/es\/"},{"@type":"ListItem","position":2,"name":"Qui\u00e9nes somos"}]},{"@type":"WebSite","@id":"https:\/\/phios.group\/es\/#website","url":"https:\/\/phios.group\/es\/","name":"PHIOS Group","description":"we empower your business","publisher":{"@id":"https:\/\/phios.group\/es\/#organization"},"potentialAction":[{"@type":"SearchAction","target":{"@type":"EntryPoint","urlTemplate":"https:\/\/phios.group\/es\/?s={search_term_string}"},"query-input":{"@type":"PropertyValueSpecification","valueRequired":true,"valueName":"search_term_string"}}],"inLanguage":"es"},{"@type":["Organization","Place"],"@id":"https:\/\/phios.group\/es\/#organization","name":"PHIOS AG","url":"https:\/\/phios.group\/es\/","logo":{"@id":"https:\/\/phios.group\/es\/quienes-somos\/#local-main-organization-logo"},"image":{"@id":"https:\/\/phios.group\/es\/quienes-somos\/#local-main-organization-logo"},"sameAs":["https:\/\/www.instagram.com\/phios.group\/","https:\/\/www.linkedin.com\/company\/phios-group\/"],"telephone":[],"openingHoursSpecification":[{"@type":"OpeningHoursSpecification","dayOfWeek":["Monday","Tuesday","Wednesday","Thursday","Friday","Saturday","Sunday"],"opens":"09:00","closes":"17:00"}]},{"@type":"ImageObject","inLanguage":"es","@id":"https:\/\/phios.group\/es\/quienes-somos\/#local-main-organization-logo","url":"https:\/\/phios.group\/wp-content\/uploads\/PHIOS-Logomark-RGB.png","contentUrl":"https:\/\/phios.group\/wp-content\/uploads\/PHIOS-Logomark-RGB.png","width":1042,"height":1025,"caption":"PHIOS AG"}]}},"_links":{"self":[{"href":"https:\/\/phios.group\/es\/wp-json\/wp\/v2\/pages\/37761","targetHints":{"allow":["GET"]}}],"collection":[{"href":"https:\/\/phios.group\/es\/wp-json\/wp\/v2\/pages"}],"about":[{"href":"https:\/\/phios.group\/es\/wp-json\/wp\/v2\/types\/page"}],"author":[{"embeddable":true,"href":"https:\/\/phios.group\/es\/wp-json\/wp\/v2\/users\/4"}],"replies":[{"embeddable":true,"href":"https:\/\/phios.group\/es\/wp-json\/wp\/v2\/comments?post=37761"}],"version-history":[{"count":12,"href":"https:\/\/phios.group\/es\/wp-json\/wp\/v2\/pages\/37761\/revisions"}],"predecessor-version":[{"id":38848,"href":"https:\/\/phios.group\/es\/wp-json\/wp\/v2\/pages\/37761\/revisions\/38848"}],"wp:attachment":[{"href":"https:\/\/phios.group\/es\/wp-json\/wp\/v2\/media?parent=37761"}],"curies":[{"name":"wp","href":"https:\/\/api.w.org\/{rel}","templated":true}]}}