{"id":37775,"date":"2022-11-14T16:27:03","date_gmt":"2022-11-14T16:27:03","guid":{"rendered":"https:\/\/web.phios.group\/contacto\/"},"modified":"2026-03-30T07:38:00","modified_gmt":"2026-03-30T07:38:00","slug":"contacto","status":"publish","type":"page","link":"https:\/\/phios.group\/es\/contacto\/","title":{"rendered":"Contacto"},"content":{"rendered":"<div class=\"gb-container gb-container-d84c15d1 subpage-intro gb-container-intro\">\n<div class=\"gb-grid-wrapper gb-grid-wrapper-a04d7c1d gb-grid-wrapper-large-stacked\">\n<div class=\"gb-grid-column gb-grid-column-8ed06296\"><div class=\"gb-container gb-container-8ed06296\">\n\n<p class=\"gb-headline gb-headline-00311409 gb-headline-text\">\u00bfTiene alguna pregunta sobre nuestros servicios? \u00bfLe gustar\u00eda hablar de un proyecto concreto? P\u00f3ngase en contacto con nosotros: siempre estamos dispuestos a escuchar y debatir ideas interesantes. <\/p>\n\n<\/div><\/div>\n\n<div class=\"gb-grid-column gb-grid-column-5f50480f\"><div class=\"gb-container gb-container-5f50480f\">\n<style id=\"wpforms-css-vars-36323-block-55257b13-0d13-47fe-97c5-27c4c4e9a65f\">\n\t\t\t\t#wpforms-36323.wpforms-block-55257b13-0d13-47fe-97c5-27c4c4e9a65f {\n\t\t\t\t--wpforms-label-color: var(--base);\n--wpforms-label-sublabel-color: var(--contrast-3);\n--wpforms-field-background-color: var(--contrast-1);\n--wpforms-field-border-color: var(--global-color-white);\n--wpforms-field-border-color-spare: var(--global-color-white);\n--wpforms-field-text-color: var(--global-color-white);\n--wpforms-button-border-radius: 0px;\n--wpforms-button-background-color: var(--base-3);\n--wpforms-field-size-input-height: 43px;\n--wpforms-field-size-input-spacing: 15px;\n--wpforms-field-size-font-size: 16px;\n--wpforms-field-size-line-height: 19px;\n--wpforms-field-size-padding-h: 14px;\n--wpforms-field-size-checkbox-size: 16px;\n--wpforms-field-size-sublabel-spacing: 5px;\n--wpforms-field-size-icon-size: 1;\n--wpforms-label-size-font-size: 16px;\n--wpforms-label-size-line-height: 19px;\n--wpforms-label-size-sublabel-font-size: 14px;\n--wpforms-label-size-sublabel-line-height: 17px;\n--wpforms-button-size-font-size: 17px;\n--wpforms-button-size-height: 41px;\n--wpforms-button-size-padding-h: 15px;\n--wpforms-button-size-margin-top: 10px;\n--wpforms-container-shadow-size-box-shadow: none;\n\t\t\t}\n\t\t\t<\/style><div class=\"wpforms-container wpforms-container-full wpforms-block wpforms-block-55257b13-0d13-47fe-97c5-27c4c4e9a65f wpforms-render-modern\" id=\"wpforms-36323\"><form id=\"wpforms-form-36323\" class=\"wpforms-validate wpforms-form wpforms-ajax-form\" data-formid=\"36323\" method=\"post\" enctype=\"multipart\/form-data\" action=\"\/es\/wp-json\/wp\/v2\/pages\/37775\" data-token=\"708c3252021e3ed06ca3b048091c6a90\" data-token-time=\"1775833545\"><noscript class=\"wpforms-error-noscript\">Por favor, activa JavaScript en tu navegador para completar este formulario.<\/noscript><div id=\"wpforms-error-noscript\" style=\"display: none;\">Por favor, activa JavaScript en tu navegador para completar este formulario.<\/div><div class=\"wpforms-field-container\"><div id=\"wpforms-36323-field_0-container\" class=\"wpforms-field wpforms-field-name\" data-field-id=\"0\"><fieldset><legend class=\"wpforms-field-label\">Nombre <span class=\"wpforms-required-label\" aria-hidden=\"true\">*<\/span><\/legend><div class=\"wpforms-field-row wpforms-field-large\"><div class=\"wpforms-field-row-block wpforms-first wpforms-one-half\"><input type=\"text\" id=\"wpforms-36323-field_0\" class=\"wpforms-field-name-first wpforms-field-required\" name=\"wpforms[fields][0][first]\" aria-errormessage=\"wpforms-36323-field_0-error\" required><label for=\"wpforms-36323-field_0\" class=\"wpforms-field-sublabel after\">Nombre<\/label><\/div><div class=\"wpforms-field-row-block wpforms-one-half\"><input type=\"text\" id=\"wpforms-36323-field_0-last\" class=\"wpforms-field-name-last wpforms-field-required\" name=\"wpforms[fields][0][last]\" aria-errormessage=\"wpforms-36323-field_0-last-error\" required><label for=\"wpforms-36323-field_0-last\" class=\"wpforms-field-sublabel after\">Apellido<\/label><\/div><\/div><\/fieldset><\/div><div id=\"wpforms-36323-field_1-container\" class=\"wpforms-field wpforms-field-email\" data-field-id=\"1\"><label class=\"wpforms-field-label\" for=\"wpforms-36323-field_1\">Correo electr\u00f3nico <span class=\"wpforms-required-label\" aria-hidden=\"true\">*<\/span><\/label><input type=\"email\" id=\"wpforms-36323-field_1\" class=\"wpforms-field-large wpforms-field-required\" name=\"wpforms[fields][1]\" spellcheck=\"false\" aria-errormessage=\"wpforms-36323-field_1-error\" required><\/div><div id=\"wpforms-36323-field_2-container\" class=\"wpforms-field wpforms-field-textarea\" data-field-id=\"2\"><label class=\"wpforms-field-label\" for=\"wpforms-36323-field_2\">Su mensaje<\/label><textarea id=\"wpforms-36323-field_2\" class=\"wpforms-field-medium\" name=\"wpforms[fields][2]\" aria-errormessage=\"wpforms-36323-field_2-error\" ><\/textarea><\/div>\t\t<div id=\"wpforms-36323-field_4-container\"\n\t\t\tclass=\"wpforms-field wpforms-field-text\"\n\t\t\tdata-field-type=\"text\"\n\t\t\tdata-field-id=\"4\"\n\t\t\t>\n\t\t\t<label class=\"wpforms-field-label\" for=\"wpforms-36323-field_4\" >personalizado Consentimiento Nombre<\/label>\n\t\t\t<input type=\"text\" id=\"wpforms-36323-field_4\" class=\"wpforms-field-medium\" name=\"wpforms[fields][4]\" >\n\t\t<\/div>\n\t\t<div id=\"wpforms-36323-field_3-container\" class=\"wpforms-field wpforms-field-captcha\" data-field-id=\"3\"><label class=\"wpforms-field-label\" for=\"wpforms-36323-field_3\">Captcha personalizado <span class=\"wpforms-required-label\" aria-hidden=\"true\">*<\/span><\/label>\t\t\t<div class=\"wpforms-captcha-math\">\n\t\t\t\t<span id=\"wpforms-36323-field_3-question\" class=\"wpforms-captcha-equation\">\n\t\t\t\t\t<span class=\"n1\">3<\/span>\n\t\t\t\t\t\t\t<span class=\"cal\">+<\/span>\n\t\t\t\t\t\t\t<span class=\"n2\">9<\/span>\t\t\t\t\t<span class=\"e\">=<\/span>\n\t\t\t\t<\/span>\n\t\t\t\t<input type=\"text\" id=\"wpforms-36323-field_3\" class=\"wpforms-field-medium wpforms-field-required a\" data-rule-wpf-captcha=\"math\" data-is-wrapped-field=\"1\" name=\"wpforms[fields][3][a]\" aria-errormessage=\"wpforms-36323-field_3-error\" aria-describedby=\"wpforms-36323-field_3-question\" required>\t\t\t\t<input type=\"hidden\" name=\"wpforms[fields][3][cal]\" class=\"cal\">\n\t\t\t\t<input type=\"hidden\" name=\"wpforms[fields][3][n2]\" class=\"n2\">\n\t\t\t\t<input type=\"hidden\" name=\"wpforms[fields][3][n1]\" class=\"n1\">\n\t\t\t<\/div>\n\t\t\t<\/div><div id=\"wpforms-36323-field_5-container\" class=\"wpforms-field wpforms-field-gdpr-checkbox\" data-field-id=\"5\"><label class=\"wpforms-field-label\">Consentimiento GDPR <span class=\"wpforms-required-label\" aria-hidden=\"true\">*<\/span><\/label><ul id=\"wpforms-36323-field_5\" class=\"wpforms-field-required\"><li class=\"choice-1\"><input type=\"checkbox\" id=\"wpforms-36323-field_5_1\" name=\"wpforms[fields][5][]\" value=\"He le\u00eddo la &lt;a href=&quot;https:\/\/phios.group\/es\/politica-de-privacidad\/&quot; target=&quot;_blank&quot;&gt;pol\u00edtica de privacidad&lt;\/a&gt; y acepto voluntariamente sus t\u00e9rminos. Autorizo el almacenamiento y tratamiento electr\u00f3nico de los datos que he proporcionado por parte de PHIOS con el fin de responder a mi consulta. Entiendo que puedo revocar este consentimiento en cualquier momento con efectos futuros. Asimismo, soy consciente de que tengo derecho de acceso, rectificaci\u00f3n, supresi\u00f3n, limitaci\u00f3n del tratamiento y portabilidad de los datos.\" aria-errormessage=\"wpforms-36323-field_5_1-error\" required ><label class=\"wpforms-field-label-inline\" for=\"wpforms-36323-field_5_1\">He le\u00eddo la <a href=\"https:\/\/phios.group\/es\/politica-de-privacidad\/\" target=\"_blank\">pol\u00edtica de privacidad<\/a> y acepto voluntariamente sus t\u00e9rminos. Autorizo el almacenamiento y tratamiento electr\u00f3nico de los datos que he proporcionado por parte de PHIOS con el fin de responder a mi consulta. Entiendo que puedo revocar este consentimiento en cualquier momento con efectos futuros. Asimismo, soy consciente de que tengo derecho de acceso, rectificaci\u00f3n, supresi\u00f3n, limitaci\u00f3n del tratamiento y portabilidad de los datos.<\/label><\/li><\/ul><\/div><script>\n\t\t\t\t( function() {\n\t\t\t\t\tconst style = document.createElement( 'style' );\n\t\t\t\t\tstyle.appendChild( document.createTextNode( '#wpforms-36323-field_4-container { position: absolute !important; overflow: hidden !important; display: inline !important; height: 1px !important; width: 1px !important; z-index: -1000 !important; padding: 0 !important; } #wpforms-36323-field_4-container input { visibility: hidden; } #wpforms-conversational-form-page #wpforms-36323-field_4-container label { counter-increment: none; }' ) );\n\t\t\t\t\tdocument.head.appendChild( style );\n\t\t\t\t\tdocument.currentScript?.remove();\n\t\t\t\t} )();\n\t\t\t<\/script><\/div><!-- .wpforms-field-container --><div class=\"wpforms-submit-container\" ><input type=\"hidden\" name=\"wpforms[id]\" value=\"36323\"><input type=\"hidden\" name=\"page_title\" value=\"\"><input type=\"hidden\" name=\"page_url\" value=\"https:\/\/phios.group\/es\/wp-json\/wp\/v2\/pages\/37775\"><input type=\"hidden\" name=\"url_referer\" value=\"\"><button type=\"submit\" name=\"wpforms[submit]\" id=\"wpforms-submit-36323\" class=\"wpforms-submit\" data-alt-text=\"Enviar...\" data-submit-text=\"Enviar\" aria-live=\"assertive\" value=\"wpforms-submit\">Enviar<\/button><img decoding=\"async\" src=\"https:\/\/phios.group\/wp-content\/plugins\/wpforms\/assets\/images\/submit-spin.svg\" class=\"wpforms-submit-spinner\" style=\"display: none;\" width=\"26\" height=\"26\" alt=\"Cargando\"><\/div><\/form><\/div>  <!-- .wpforms-container -->\n<\/div><\/div>\n<\/div>\n<\/div>","protected":false},"excerpt":{"rendered":"","protected":false},"author":4,"featured_media":0,"parent":0,"menu_order":0,"comment_status":"closed","ping_status":"closed","template":"","meta":{"_acf_changed":false,"footnotes":""},"class_list":["post-37775","page","type-page","status-publish"],"acf":[],"yoast_head":"<!-- This site is optimized with the Yoast SEO Premium plugin v27.3 (Yoast SEO v27.3) - https:\/\/yoast.com\/product\/yoast-seo-premium-wordpress\/ -->\n<title>Contacto \u2013 PHIOS<\/title>\n<meta name=\"description\" content=\"\u00bfTiene alguna pregunta o quiere hablar de un proyecto? P\u00f3ngase en contacto con nosotros: estamos deseando escuchar ideas interesantes y debatirlas.\" \/>\n<meta name=\"robots\" content=\"index, follow, max-snippet:-1, max-image-preview:large, max-video-preview:-1\" \/>\n<link rel=\"canonical\" href=\"https:\/\/phios.group\/es\/contacto\/\" \/>\n<meta property=\"og:locale\" content=\"es_ES\" \/>\n<meta property=\"og:type\" content=\"article\" \/>\n<meta property=\"og:title\" content=\"Contacto\" \/>\n<meta property=\"og:description\" content=\"\u00bfTiene alguna pregunta o quiere hablar de un proyecto? P\u00f3ngase en contacto con nosotros: estamos deseando escuchar ideas interesantes y debatirlas.\" \/>\n<meta property=\"og:url\" content=\"https:\/\/phios.group\/es\/contacto\/\" \/>\n<meta property=\"og:site_name\" content=\"PHIOS\" \/>\n<meta property=\"article:modified_time\" content=\"2026-03-30T07:38:00+00:00\" \/>\n<meta name=\"twitter:card\" content=\"summary_large_image\" \/>\n<meta name=\"twitter:label1\" content=\"Tiempo de lectura\" \/>\n\t<meta name=\"twitter:data1\" content=\"1 minuto\" \/>\n<script type=\"application\/ld+json\" class=\"yoast-schema-graph\">{\"@context\":\"https:\\\/\\\/schema.org\",\"@graph\":[{\"@type\":\"WebPage\",\"@id\":\"https:\\\/\\\/phios.group\\\/es\\\/contacto\\\/\",\"url\":\"https:\\\/\\\/phios.group\\\/es\\\/contacto\\\/\",\"name\":\"Contacto \u2013 PHIOS\",\"isPartOf\":{\"@id\":\"https:\\\/\\\/phios.group\\\/es\\\/#website\"},\"datePublished\":\"2022-11-14T16:27:03+00:00\",\"dateModified\":\"2026-03-30T07:38:00+00:00\",\"description\":\"\u00bfTiene alguna pregunta o quiere hablar de un proyecto? P\u00f3ngase en contacto con nosotros: estamos deseando escuchar ideas interesantes y debatirlas.\",\"breadcrumb\":{\"@id\":\"https:\\\/\\\/phios.group\\\/es\\\/contacto\\\/#breadcrumb\"},\"inLanguage\":\"es\",\"potentialAction\":[{\"@type\":\"ReadAction\",\"target\":[\"https:\\\/\\\/phios.group\\\/es\\\/contacto\\\/\"]}]},{\"@type\":\"BreadcrumbList\",\"@id\":\"https:\\\/\\\/phios.group\\\/es\\\/contacto\\\/#breadcrumb\",\"itemListElement\":[{\"@type\":\"ListItem\",\"position\":1,\"name\":\"Home\",\"item\":\"https:\\\/\\\/phios.group\\\/es\\\/\"},{\"@type\":\"ListItem\",\"position\":2,\"name\":\"Contacto\"}]},{\"@type\":\"WebSite\",\"@id\":\"https:\\\/\\\/phios.group\\\/es\\\/#website\",\"url\":\"https:\\\/\\\/phios.group\\\/es\\\/\",\"name\":\"PHIOS Group\",\"description\":\"we empower your business\",\"publisher\":{\"@id\":\"https:\\\/\\\/phios.group\\\/es\\\/#organization\"},\"potentialAction\":[{\"@type\":\"SearchAction\",\"target\":{\"@type\":\"EntryPoint\",\"urlTemplate\":\"https:\\\/\\\/phios.group\\\/es\\\/?s={search_term_string}\"},\"query-input\":{\"@type\":\"PropertyValueSpecification\",\"valueRequired\":true,\"valueName\":\"search_term_string\"}}],\"inLanguage\":\"es\"},{\"@type\":[\"Organization\",\"Place\"],\"@id\":\"https:\\\/\\\/phios.group\\\/es\\\/#organization\",\"name\":\"PHIOS AG\",\"url\":\"https:\\\/\\\/phios.group\\\/es\\\/\",\"logo\":{\"@id\":\"https:\\\/\\\/phios.group\\\/es\\\/contacto\\\/#local-main-organization-logo\"},\"image\":{\"@id\":\"https:\\\/\\\/phios.group\\\/es\\\/contacto\\\/#local-main-organization-logo\"},\"sameAs\":[\"https:\\\/\\\/www.instagram.com\\\/phios.group\\\/\",\"https:\\\/\\\/www.linkedin.com\\\/company\\\/phios-group\\\/\"],\"telephone\":[],\"openingHoursSpecification\":[{\"@type\":\"OpeningHoursSpecification\",\"dayOfWeek\":[\"Monday\",\"Tuesday\",\"Wednesday\",\"Thursday\",\"Friday\",\"Saturday\",\"Sunday\"],\"opens\":\"09:00\",\"closes\":\"17:00\"}]},{\"@type\":\"ImageObject\",\"inLanguage\":\"es\",\"@id\":\"https:\\\/\\\/phios.group\\\/es\\\/contacto\\\/#local-main-organization-logo\",\"url\":\"https:\\\/\\\/phios.group\\\/wp-content\\\/uploads\\\/PHIOS-Logomark-RGB.png\",\"contentUrl\":\"https:\\\/\\\/phios.group\\\/wp-content\\\/uploads\\\/PHIOS-Logomark-RGB.png\",\"width\":1042,\"height\":1025,\"caption\":\"PHIOS AG\"}]}<\/script>\n<!-- \/ Yoast SEO Premium plugin. -->","yoast_head_json":{"title":"Contacto \u2013 PHIOS","description":"\u00bfTiene alguna pregunta o quiere hablar de un proyecto? P\u00f3ngase en contacto con nosotros: estamos deseando escuchar ideas interesantes y debatirlas.","robots":{"index":"index","follow":"follow","max-snippet":"max-snippet:-1","max-image-preview":"max-image-preview:large","max-video-preview":"max-video-preview:-1"},"canonical":"https:\/\/phios.group\/es\/contacto\/","og_locale":"es_ES","og_type":"article","og_title":"Contacto","og_description":"\u00bfTiene alguna pregunta o quiere hablar de un proyecto? P\u00f3ngase en contacto con nosotros: estamos deseando escuchar ideas interesantes y debatirlas.","og_url":"https:\/\/phios.group\/es\/contacto\/","og_site_name":"PHIOS","article_modified_time":"2026-03-30T07:38:00+00:00","twitter_card":"summary_large_image","twitter_misc":{"Tiempo de lectura":"1 minuto"},"schema":{"@context":"https:\/\/schema.org","@graph":[{"@type":"WebPage","@id":"https:\/\/phios.group\/es\/contacto\/","url":"https:\/\/phios.group\/es\/contacto\/","name":"Contacto \u2013 PHIOS","isPartOf":{"@id":"https:\/\/phios.group\/es\/#website"},"datePublished":"2022-11-14T16:27:03+00:00","dateModified":"2026-03-30T07:38:00+00:00","description":"\u00bfTiene alguna pregunta o quiere hablar de un proyecto? P\u00f3ngase en contacto con nosotros: estamos deseando escuchar ideas interesantes y debatirlas.","breadcrumb":{"@id":"https:\/\/phios.group\/es\/contacto\/#breadcrumb"},"inLanguage":"es","potentialAction":[{"@type":"ReadAction","target":["https:\/\/phios.group\/es\/contacto\/"]}]},{"@type":"BreadcrumbList","@id":"https:\/\/phios.group\/es\/contacto\/#breadcrumb","itemListElement":[{"@type":"ListItem","position":1,"name":"Home","item":"https:\/\/phios.group\/es\/"},{"@type":"ListItem","position":2,"name":"Contacto"}]},{"@type":"WebSite","@id":"https:\/\/phios.group\/es\/#website","url":"https:\/\/phios.group\/es\/","name":"PHIOS Group","description":"we empower your business","publisher":{"@id":"https:\/\/phios.group\/es\/#organization"},"potentialAction":[{"@type":"SearchAction","target":{"@type":"EntryPoint","urlTemplate":"https:\/\/phios.group\/es\/?s={search_term_string}"},"query-input":{"@type":"PropertyValueSpecification","valueRequired":true,"valueName":"search_term_string"}}],"inLanguage":"es"},{"@type":["Organization","Place"],"@id":"https:\/\/phios.group\/es\/#organization","name":"PHIOS AG","url":"https:\/\/phios.group\/es\/","logo":{"@id":"https:\/\/phios.group\/es\/contacto\/#local-main-organization-logo"},"image":{"@id":"https:\/\/phios.group\/es\/contacto\/#local-main-organization-logo"},"sameAs":["https:\/\/www.instagram.com\/phios.group\/","https:\/\/www.linkedin.com\/company\/phios-group\/"],"telephone":[],"openingHoursSpecification":[{"@type":"OpeningHoursSpecification","dayOfWeek":["Monday","Tuesday","Wednesday","Thursday","Friday","Saturday","Sunday"],"opens":"09:00","closes":"17:00"}]},{"@type":"ImageObject","inLanguage":"es","@id":"https:\/\/phios.group\/es\/contacto\/#local-main-organization-logo","url":"https:\/\/phios.group\/wp-content\/uploads\/PHIOS-Logomark-RGB.png","contentUrl":"https:\/\/phios.group\/wp-content\/uploads\/PHIOS-Logomark-RGB.png","width":1042,"height":1025,"caption":"PHIOS AG"}]}},"_links":{"self":[{"href":"https:\/\/phios.group\/es\/wp-json\/wp\/v2\/pages\/37775","targetHints":{"allow":["GET"]}}],"collection":[{"href":"https:\/\/phios.group\/es\/wp-json\/wp\/v2\/pages"}],"about":[{"href":"https:\/\/phios.group\/es\/wp-json\/wp\/v2\/types\/page"}],"author":[{"embeddable":true,"href":"https:\/\/phios.group\/es\/wp-json\/wp\/v2\/users\/4"}],"replies":[{"embeddable":true,"href":"https:\/\/phios.group\/es\/wp-json\/wp\/v2\/comments?post=37775"}],"version-history":[{"count":2,"href":"https:\/\/phios.group\/es\/wp-json\/wp\/v2\/pages\/37775\/revisions"}],"predecessor-version":[{"id":39150,"href":"https:\/\/phios.group\/es\/wp-json\/wp\/v2\/pages\/37775\/revisions\/39150"}],"wp:attachment":[{"href":"https:\/\/phios.group\/es\/wp-json\/wp\/v2\/media?parent=37775"}],"curies":[{"name":"wp","href":"https:\/\/api.w.org\/{rel}","templated":true}]}}