{"id":37779,"date":"2022-11-14T16:15:04","date_gmt":"2022-11-14T16:15:04","guid":{"rendered":"https:\/\/web.phios.group\/imprimir\/"},"modified":"2026-03-30T07:37:08","modified_gmt":"2026-03-30T07:37:08","slug":"imprimir","status":"publish","type":"page","link":"https:\/\/phios.group\/es\/imprimir\/","title":{"rendered":"Aviso Legal"},"content":{"rendered":"<div class=\"gb-container gb-container-c419e23e gb-container-intro\">\n\n<h2 class=\"gb-headline gb-headline-4433470c gb-headline-text\"><strong>Liechtenstein:<\/strong><\/h2>\n\n\n\n<p class=\"gb-headline gb-headline-e9b40455 gb-headline-text\">PHIOS AG<br>Industriestrasse 27<br>FL-9491 Ruggell<\/p>\n\n\n\n<p class=\"gb-headline gb-headline-089b2735 gb-headline-text\">Contacto: DI Klaus Studer<br>Tel\u00e9fono: <a href=\"tel:+423 370 14 42\">+423 370 14 42<\/a><br> Correo electr\u00f3nico:<a href=\"mailto:klaus.studer@phios.li\"> <\/a><a href=\"mailto:info@phios.group\">info@phios.group<\/a><br> N\u00famero de registro mercantil: FL-0002.494.288-7<\/p>\n\n\n\n<h2 class=\"gb-headline gb-headline-831b19cc gb-headline-text\">Austria<\/h2>\n\n\n\n<p class=\"gb-headline gb-headline-06c7e942 gb-headline-text\">PHIOS GmbH<br>Ingenier\u00eda de software | Consultor\u00eda de gesti\u00f3n, asesor\u00eda y servicios inform\u00e1ticos<\/p>\n\n\n\n<p class=\"gb-headline gb-headline-214886e9 gb-headline-text\">Director General: DI Stefan V\u00f6gel<br>Direcci\u00f3n: 1010 Viena, Biberstra\u00dfe 9\/9<br>Datos de contacto: <a href=\"tel:+43 664 6210935\">+43 664 6210935<\/a> | <a href=\"mailto:info@phios.at\"> <\/a><a href=\"mailto:info.vienna@phios.group\">info.vienna@phios.group<\/a><\/p>\n\n\n\n<p class=\"gb-headline gb-headline-f313bfa8 gb-headline-text\">N\u00famero UID: ATU77890757<br>N\u00famero de registro mercantil: 576051i<br>Tribunal de registro mercantil: Tribunal de Comercio de Viena<\/p>\n\n\n\n<p class=\"gb-headline gb-headline-a5019a7f gb-headline-text\">Afiliaci\u00f3n a la C\u00e1mara: C\u00e1mara de Comercio de Viena, asociaci\u00f3n comercial UBIT<br>Normativa comercial: www.ris.bka.gv.at<br>Autoridad de supervisi\u00f3n\/autoridad comercial: Oficina municipal del distrito 1 y 8<\/p>\n\n\n\n<h2 class=\"gb-headline gb-headline-e768cad2 gb-headline-text\"><strong>Espa\u00f1a:<\/strong><\/h2>\n\n\n\n<p class=\"gb-headline gb-headline-526a3910 gb-headline-text\">PHIOS VALENCIA SL <br>Ingenier\u00eda de Software | Consultor\u00eda de Gesti\u00f3n, Consultor\u00eda y Servicios Inform\u00e1ticos<\/p>\n\n\n\n<p class=\"gb-headline gb-headline-5351638f gb-headline-text\">Contacto: Miguel Mart\u00ednez Ler\u00edn<br>Direcci\u00f3n: Campos Crespo 57, 1\u00aa Planta, Puerta 1, 46017 Valencia<br>Datos de contacto: <a href=\"mailto:miguel.martinez@phios.group\">miguel.martinez@phios.group<\/a><\/p>\n\n\n\n<h2 class=\"gb-headline gb-headline-d350e433 gb-headline-text\">Data protection officer<\/h2>\n\n\n\n<p class=\"gb-headline gb-headline-0a31cf36 gb-headline-text\">PHIOS AG<br>Industriestrasse 27<br>FL-9491 Ruggell<br>E-mail: info@phios.group<br>Phone: +423 370 14 40<\/p>\n\n\n\n<h2 class=\"gb-headline gb-headline-49718e63 gb-headline-text\">EU dispute resolution<\/h2>\n\n\n\n<p>In accordance with the Regulation on Online Dispute Resolution in Consumer Matters (ODR Regulation), we would like to inform you about the online dispute resolution platform (ODR platform).<br>Consumers have the option of submitting complaints to the European Commission&#8217;s online dispute resolution platform at https:\/\/ec.europa.eu\/consumers\/odr\/main\/index.cfm?event=main.home2.show&amp;lng=DE. You will find the necessary contact details above in our legal notice.<\/p>\n\n\n\n<p>However, we would like to point out that we are not willing or obliged to participate in dispute resolution proceedings before a consumer arbitration board.<\/p>\n\n\n\n<h2 class=\"gb-headline gb-headline-21e2d5f0 gb-headline-text\">Other online presences<\/h2>\n\n\n\n<p>This legal notice also applies to<br><a href=\"https:\/\/www.instagram.com\/phios.group\/\">https:\/\/www.instagram.com\/phios.group\/<\/a><br><a href=\"https:\/\/www.linkedin.com\/company\/phios-group\/\">https:\/\/www.linkedin.com\/company\/phios-group\/<\/a><\/p>\n\n\n\n<p>All texts are protected by copyright.<\/p>\n\n\n\n<h2 class=\"wp-block-heading\" id=\"onlineauftritte\">Realizaci\u00f3n del sitio web<\/h2>\n\n\n\n<p class=\"gb-headline gb-headline-7c754a9d gb-headline-text\"><a href=\"https:\/\/www.brandwerk-digital.com\/\" target=\"_blank\" rel=\"noreferrer noopener\">Brandwerk Digital \u2013 la agencia de marketing online de Vorarlberg<\/a><\/p>\n\n<\/div>","protected":false},"excerpt":{"rendered":"<p>Liechtenstein: PHIOS AGIndustriestrasse 27FL-9491 Ruggell Contacto: DI Klaus StuderTel\u00e9fono: +423 370 14 42 Correo electr\u00f3nico: info@phios.group N\u00famero de registro mercantil: FL-0002.494.288-7 Austria PHIOS GmbHIngenier\u00eda de software | Consultor\u00eda de gesti\u00f3n, asesor\u00eda y servicios inform\u00e1ticos Director General: DI Stefan V\u00f6gelDirecci\u00f3n: 1010 &#8230; <a title=\"Aviso Legal\" class=\"read-more\" href=\"https:\/\/phios.group\/es\/imprimir\/\" aria-label=\"Leer m\u00e1s sobre Aviso Legal\">Leer m\u00e1s<\/a><\/p>\n","protected":false},"author":4,"featured_media":0,"parent":0,"menu_order":0,"comment_status":"closed","ping_status":"closed","template":"","meta":{"_acf_changed":false,"footnotes":""},"class_list":["post-37779","page","type-page","status-publish"],"acf":[],"yoast_head":"<!-- This site is optimized with the Yoast SEO Premium plugin v27.3 (Yoast SEO v27.3) - https:\/\/yoast.com\/product\/yoast-seo-premium-wordpress\/ -->\n<title>Aviso Legal - PHIOS<\/title>\n<meta name=\"description\" content=\"Aqu\u00ed encontrar\u00e1 informaci\u00f3n sobre PHIOS GmbH, PHIOS AG y PHIOS VALENCIA SL\" \/>\n<meta name=\"robots\" content=\"index, follow, max-snippet:-1, max-image-preview:large, max-video-preview:-1\" \/>\n<link rel=\"canonical\" href=\"https:\/\/phios.group\/es\/imprimir\/\" \/>\n<meta property=\"og:locale\" content=\"es_ES\" \/>\n<meta property=\"og:type\" content=\"article\" \/>\n<meta property=\"og:title\" content=\"Aviso Legal\" \/>\n<meta property=\"og:description\" content=\"Aqu\u00ed encontrar\u00e1 informaci\u00f3n sobre PHIOS GmbH, PHIOS AG y PHIOS VALENCIA SL\" \/>\n<meta property=\"og:url\" content=\"https:\/\/phios.group\/es\/imprimir\/\" \/>\n<meta property=\"og:site_name\" content=\"PHIOS\" \/>\n<meta property=\"article:modified_time\" content=\"2026-03-30T07:37:08+00:00\" \/>\n<meta name=\"twitter:card\" content=\"summary_large_image\" \/>\n<meta name=\"twitter:label1\" content=\"Tiempo de lectura\" \/>\n\t<meta name=\"twitter:data1\" content=\"2 minutos\" \/>\n<script type=\"application\/ld+json\" class=\"yoast-schema-graph\">{\"@context\":\"https:\\\/\\\/schema.org\",\"@graph\":[{\"@type\":\"WebPage\",\"@id\":\"https:\\\/\\\/phios.group\\\/es\\\/imprimir\\\/\",\"url\":\"https:\\\/\\\/phios.group\\\/es\\\/imprimir\\\/\",\"name\":\"Aviso Legal - PHIOS\",\"isPartOf\":{\"@id\":\"https:\\\/\\\/phios.group\\\/es\\\/#website\"},\"datePublished\":\"2022-11-14T16:15:04+00:00\",\"dateModified\":\"2026-03-30T07:37:08+00:00\",\"description\":\"Aqu\u00ed encontrar\u00e1 informaci\u00f3n sobre PHIOS GmbH, PHIOS AG y PHIOS VALENCIA SL\",\"breadcrumb\":{\"@id\":\"https:\\\/\\\/phios.group\\\/es\\\/imprimir\\\/#breadcrumb\"},\"inLanguage\":\"es\",\"potentialAction\":[{\"@type\":\"ReadAction\",\"target\":[\"https:\\\/\\\/phios.group\\\/es\\\/imprimir\\\/\"]}]},{\"@type\":\"BreadcrumbList\",\"@id\":\"https:\\\/\\\/phios.group\\\/es\\\/imprimir\\\/#breadcrumb\",\"itemListElement\":[{\"@type\":\"ListItem\",\"position\":1,\"name\":\"Home\",\"item\":\"https:\\\/\\\/phios.group\\\/es\\\/\"},{\"@type\":\"ListItem\",\"position\":2,\"name\":\"Aviso Legal\"}]},{\"@type\":\"WebSite\",\"@id\":\"https:\\\/\\\/phios.group\\\/es\\\/#website\",\"url\":\"https:\\\/\\\/phios.group\\\/es\\\/\",\"name\":\"PHIOS Group\",\"description\":\"we empower your business\",\"publisher\":{\"@id\":\"https:\\\/\\\/phios.group\\\/es\\\/#organization\"},\"potentialAction\":[{\"@type\":\"SearchAction\",\"target\":{\"@type\":\"EntryPoint\",\"urlTemplate\":\"https:\\\/\\\/phios.group\\\/es\\\/?s={search_term_string}\"},\"query-input\":{\"@type\":\"PropertyValueSpecification\",\"valueRequired\":true,\"valueName\":\"search_term_string\"}}],\"inLanguage\":\"es\"},{\"@type\":[\"Organization\",\"Place\"],\"@id\":\"https:\\\/\\\/phios.group\\\/es\\\/#organization\",\"name\":\"PHIOS AG\",\"url\":\"https:\\\/\\\/phios.group\\\/es\\\/\",\"logo\":{\"@id\":\"https:\\\/\\\/phios.group\\\/es\\\/imprimir\\\/#local-main-organization-logo\"},\"image\":{\"@id\":\"https:\\\/\\\/phios.group\\\/es\\\/imprimir\\\/#local-main-organization-logo\"},\"sameAs\":[\"https:\\\/\\\/www.instagram.com\\\/phios.group\\\/\",\"https:\\\/\\\/www.linkedin.com\\\/company\\\/phios-group\\\/\"],\"telephone\":[],\"openingHoursSpecification\":[{\"@type\":\"OpeningHoursSpecification\",\"dayOfWeek\":[\"Monday\",\"Tuesday\",\"Wednesday\",\"Thursday\",\"Friday\",\"Saturday\",\"Sunday\"],\"opens\":\"09:00\",\"closes\":\"17:00\"}]},{\"@type\":\"ImageObject\",\"inLanguage\":\"es\",\"@id\":\"https:\\\/\\\/phios.group\\\/es\\\/imprimir\\\/#local-main-organization-logo\",\"url\":\"https:\\\/\\\/phios.group\\\/wp-content\\\/uploads\\\/PHIOS-Logomark-RGB.png\",\"contentUrl\":\"https:\\\/\\\/phios.group\\\/wp-content\\\/uploads\\\/PHIOS-Logomark-RGB.png\",\"width\":1042,\"height\":1025,\"caption\":\"PHIOS AG\"}]}<\/script>\n<!-- \/ Yoast SEO Premium plugin. -->","yoast_head_json":{"title":"Aviso Legal - PHIOS","description":"Aqu\u00ed encontrar\u00e1 informaci\u00f3n sobre PHIOS GmbH, PHIOS AG y PHIOS VALENCIA SL","robots":{"index":"index","follow":"follow","max-snippet":"max-snippet:-1","max-image-preview":"max-image-preview:large","max-video-preview":"max-video-preview:-1"},"canonical":"https:\/\/phios.group\/es\/imprimir\/","og_locale":"es_ES","og_type":"article","og_title":"Aviso Legal","og_description":"Aqu\u00ed encontrar\u00e1 informaci\u00f3n sobre PHIOS GmbH, PHIOS AG y PHIOS VALENCIA SL","og_url":"https:\/\/phios.group\/es\/imprimir\/","og_site_name":"PHIOS","article_modified_time":"2026-03-30T07:37:08+00:00","twitter_card":"summary_large_image","twitter_misc":{"Tiempo de lectura":"2 minutos"},"schema":{"@context":"https:\/\/schema.org","@graph":[{"@type":"WebPage","@id":"https:\/\/phios.group\/es\/imprimir\/","url":"https:\/\/phios.group\/es\/imprimir\/","name":"Aviso Legal - PHIOS","isPartOf":{"@id":"https:\/\/phios.group\/es\/#website"},"datePublished":"2022-11-14T16:15:04+00:00","dateModified":"2026-03-30T07:37:08+00:00","description":"Aqu\u00ed encontrar\u00e1 informaci\u00f3n sobre PHIOS GmbH, PHIOS AG y PHIOS VALENCIA SL","breadcrumb":{"@id":"https:\/\/phios.group\/es\/imprimir\/#breadcrumb"},"inLanguage":"es","potentialAction":[{"@type":"ReadAction","target":["https:\/\/phios.group\/es\/imprimir\/"]}]},{"@type":"BreadcrumbList","@id":"https:\/\/phios.group\/es\/imprimir\/#breadcrumb","itemListElement":[{"@type":"ListItem","position":1,"name":"Home","item":"https:\/\/phios.group\/es\/"},{"@type":"ListItem","position":2,"name":"Aviso Legal"}]},{"@type":"WebSite","@id":"https:\/\/phios.group\/es\/#website","url":"https:\/\/phios.group\/es\/","name":"PHIOS Group","description":"we empower your business","publisher":{"@id":"https:\/\/phios.group\/es\/#organization"},"potentialAction":[{"@type":"SearchAction","target":{"@type":"EntryPoint","urlTemplate":"https:\/\/phios.group\/es\/?s={search_term_string}"},"query-input":{"@type":"PropertyValueSpecification","valueRequired":true,"valueName":"search_term_string"}}],"inLanguage":"es"},{"@type":["Organization","Place"],"@id":"https:\/\/phios.group\/es\/#organization","name":"PHIOS AG","url":"https:\/\/phios.group\/es\/","logo":{"@id":"https:\/\/phios.group\/es\/imprimir\/#local-main-organization-logo"},"image":{"@id":"https:\/\/phios.group\/es\/imprimir\/#local-main-organization-logo"},"sameAs":["https:\/\/www.instagram.com\/phios.group\/","https:\/\/www.linkedin.com\/company\/phios-group\/"],"telephone":[],"openingHoursSpecification":[{"@type":"OpeningHoursSpecification","dayOfWeek":["Monday","Tuesday","Wednesday","Thursday","Friday","Saturday","Sunday"],"opens":"09:00","closes":"17:00"}]},{"@type":"ImageObject","inLanguage":"es","@id":"https:\/\/phios.group\/es\/imprimir\/#local-main-organization-logo","url":"https:\/\/phios.group\/wp-content\/uploads\/PHIOS-Logomark-RGB.png","contentUrl":"https:\/\/phios.group\/wp-content\/uploads\/PHIOS-Logomark-RGB.png","width":1042,"height":1025,"caption":"PHIOS AG"}]}},"_links":{"self":[{"href":"https:\/\/phios.group\/es\/wp-json\/wp\/v2\/pages\/37779","targetHints":{"allow":["GET"]}}],"collection":[{"href":"https:\/\/phios.group\/es\/wp-json\/wp\/v2\/pages"}],"about":[{"href":"https:\/\/phios.group\/es\/wp-json\/wp\/v2\/types\/page"}],"author":[{"embeddable":true,"href":"https:\/\/phios.group\/es\/wp-json\/wp\/v2\/users\/4"}],"replies":[{"embeddable":true,"href":"https:\/\/phios.group\/es\/wp-json\/wp\/v2\/comments?post=37779"}],"version-history":[{"count":24,"href":"https:\/\/phios.group\/es\/wp-json\/wp\/v2\/pages\/37779\/revisions"}],"predecessor-version":[{"id":39122,"href":"https:\/\/phios.group\/es\/wp-json\/wp\/v2\/pages\/37779\/revisions\/39122"}],"wp:attachment":[{"href":"https:\/\/phios.group\/es\/wp-json\/wp\/v2\/media?parent=37779"}],"curies":[{"name":"wp","href":"https:\/\/api.w.org\/{rel}","templated":true}]}}