{"id":38448,"date":"2025-09-01T09:31:39","date_gmt":"2025-09-01T09:31:39","guid":{"rendered":"https:\/\/phios.group\/?page_id=38448"},"modified":"2026-03-30T07:40:30","modified_gmt":"2026-03-30T07:40:30","slug":"ley-de-datos-de-la-ue-cumplimiento-de-la-cra","status":"publish","type":"page","link":"https:\/\/phios.group\/es\/servicios\/ley-de-datos-de-la-ue-cumplimiento-de-la-cra\/","title":{"rendered":"Ley de Datos de la UE &amp; cumplimiento de la CRA"},"content":{"rendered":"\n<p><\/p>\n\n\n<div class=\"gb-container gb-container-d84c15d1 subpage-intro-services gb-container-intro\">\n<div class=\"gb-grid-wrapper gb-grid-wrapper-d38125f6 gb-grid-wrapper-large\">\n<div class=\"gb-grid-column gb-grid-column-8a4e28b6\"><div class=\"gb-container gb-container-8a4e28b6\">\n\n<h2 class=\"wp-block-heading\">\u00bfPor qu\u00e9 el cumplimiento de la Ley de Datos y la CRA?<\/h2>\n\n\n\n<p>Los fabricantes de hardware y software integrados se enfrentan a normativas estrictas. <\/p>\n\n\n\n<p><strong>El reto:<\/strong> se debe garantizar la ciberseguridad, informar de los incidentes y demostrar el cumplimiento; de lo contrario, se puede perder el acceso al mercado de la UE. <\/p>\n\n\n\n<p>Al mismo tiempo, la provisi\u00f3n obligatoria de datos ofrece nuevas oportunidades para los modelos de negocio digitales. <\/p>\n\n\n\n<p>Aqu\u00ed es donde entra en juego PHIOS.<\/p>\n\n<\/div><\/div>\n\n<div class=\"gb-grid-column gb-grid-column-99f6fcef\"><div class=\"gb-container gb-container-99f6fcef\">\n\n<div class=\"gb-headline gb-headline-a4313a2d\"><span class=\"gb-icon\"><svg id=\"Layer_1\" data-name=\"Layer 1\" xmlns=\"http:\/\/www.w3.org\/2000\/svg\" width=\"64\" height=\"64\" viewBox=\"0 0 64 64\">   <path d=\"M58.84,47.48h-22.71v-2.06h22.71c1.71,0,3.1-1.39,3.1-3.1V5.16c0-1.71-1.39-3.1-3.1-3.1H5.16c-1.71,0-3.1,1.39-3.1,3.1v37.16c0,1.71,1.39,3.1,3.1,3.1h22.71v2.06H5.16C2.32,47.48,0,45.17,0,42.32V5.16C0,2.32,2.32,0,5.16,0h53.68c2.85,0,5.16,2.32,5.16,5.16v37.16c0,2.85-2.32,5.16-5.16,5.16Z\" fill=\"#e8501e\"><\/path>   <rect x=\"43.35\" y=\"46.45\" width=\"2.06\" height=\"6.19\" fill=\"#e8501e\"><\/rect>   <rect x=\"18.58\" y=\"46.45\" width=\"2.06\" height=\"6.19\" fill=\"#e8501e\"><\/rect>   <rect x=\"36.13\" y=\"51.61\" width=\"13.42\" height=\"2.06\" fill=\"#e8501e\"><\/rect>   <rect x=\"14.45\" y=\"51.61\" width=\"13.42\" height=\"2.06\" fill=\"#e8501e\"><\/rect>   <rect x=\"1.03\" y=\"39.23\" width=\"21.68\" height=\"2.06\" fill=\"#e8501e\"><\/rect>   <path d=\"M32,37.16c-9.11,0-16.52-7.41-16.52-16.52S22.89,4.13,32,4.13s16.52,7.41,16.52,16.52-7.41,16.52-16.52,16.52ZM32,6.19c-7.97,0-14.45,6.48-14.45,14.45s6.48,14.45,14.45,14.45,14.45-6.48,14.45-14.45-6.48-14.45-14.45-14.45Z\" fill=\"#e8501e\"><\/path>   <path d=\"M32,32c-6.26,0-11.35-5.09-11.35-11.35s5.09-11.35,11.35-11.35,11.35,5.09,11.35,11.35-5.09,11.35-11.35,11.35ZM32,11.35c-5.12,0-9.29,4.17-9.29,9.29s4.17,9.29,9.29,9.29,9.29-4.17,9.29-9.29-4.17-9.29-9.29-9.29Z\" fill=\"#e8501e\"><\/path>   <path d=\"M32,64c-2.85,0-5.16-2.32-5.16-5.16v-23.74h2.06v23.74c0,1.71,1.39,3.1,3.1,3.1s3.1-1.39,3.1-3.1v-23.74h2.06v23.74c0,2.85-2.32,5.16-5.16,5.16Z\" fill=\"#e8501e\"><\/path>   <rect x=\"24.77\" y=\"39.23\" width=\"14.45\" height=\"2.06\" fill=\"#e8501e\"><\/rect>   <rect x=\"41.29\" y=\"39.23\" width=\"21.68\" height=\"2.06\" fill=\"#e8501e\"><\/rect>   <rect x=\"50.58\" y=\"19.61\" width=\"2.06\" height=\"2.06\" fill=\"#e8501e\"><\/rect>   <rect x=\"54.71\" y=\"19.61\" width=\"2.06\" height=\"2.06\" fill=\"#e8501e\"><\/rect>   <rect x=\"7.23\" y=\"19.61\" width=\"2.06\" height=\"2.06\" fill=\"#e8501e\"><\/rect>   <rect x=\"11.35\" y=\"19.61\" width=\"2.06\" height=\"2.06\" fill=\"#e8501e\"><\/rect> <\/svg><\/span><\/div>\n\n<\/div><\/div>\n<\/div>\n<\/div>\n\n<div class=\"gb-container gb-container-ffd87d72 gb-container-standard\">\n\n<h2 class=\"gb-headline gb-headline-c04c87b8 gb-headline-text gb-headline-pre-h2\">LEY DE DATOS DE LA UE &amp; CUMPLIMIENTO DE LA CRA<\/h2>\n\n\n\n<h2 class=\"gb-headline gb-headline-170670d6 gb-headline-text\">C\u00f3mo le ayuda PHIOS<\/h2>\n\n\n\n<ul class=\"wp-block-list\">\n<li><strong>An\u00e1lisis y definici\u00f3n de requisitos: <\/strong>Evaluamos el impacto en su producto y definimos los requisitos normativos pertinentes.<br><\/li>\n\n\n\n<li><strong>Proceso de desarrollo seguro y seguridad desde el dise\u00f1o: <\/strong>Bas\u00e1ndonos en el an\u00e1lisis de la situaci\u00f3n actual, integramos autom\u00e1ticamente los requisitos de seguridad y definimos las responsabilidades.<br><\/li>\n\n\n\n<li><strong>Gesti\u00f3n de actualizaciones y vulnerabilidades:<\/strong> Establecemos procedimientos probados para las actualizaciones de seguridad y los parches.<br><\/li>\n\n\n\n<li><strong>Suministro y uso compartido de datos automatizados:<\/strong> Desarrollamos mecanismos seguros para la publicaci\u00f3n estandarizada de datos, por ejemplo, a trav\u00e9s de API, teniendo plenamente en cuenta la seguridad y los derechos de acceso.<br><\/li>\n\n\n\n<li><strong>Desarrollo de modelos de negocio basados en datos:<\/strong> Identificamos nuevas oportunidades, como la monetizaci\u00f3n de los datos de uso o los datos como servicio.<\/li>\n<\/ul>\n\n<\/div>\n\n<div class=\"gb-container gb-container-caa08d1b cta-section gb-container-cta-outer\">\n<div class=\"gb-container gb-container-85839a19 gb-container-cta-inner\">\n<div class=\"gb-grid-wrapper gb-grid-wrapper-1462b240 gb-grid-wrapper-large-stacked\">\n<div class=\"gb-grid-column gb-grid-column-6056f727\"><div class=\"gb-container gb-container-6056f727\">\n\n<h2 class=\"gb-headline gb-headline-c0da81bb gb-headline-text\">\u00a1Con experiencia concentrada!<\/h2>\n\n<\/div><\/div>\n\n<div class=\"gb-grid-column gb-grid-column-a1e4dbfb\"><div class=\"gb-container gb-container-a1e4dbfb\">\n\n<p class=\"gb-headline gb-headline-0ca6786a gb-headline-text\">Nos aseguramos de que sus soluciones cumplan con la normativa de la UE, sean seguras y est\u00e9n preparadas para el futuro, lo que le ayudar\u00e1 a alcanzar un \u00e9xito sostenible en el mercado.<\/p>\n\n\n\n<a class=\"gb-button gb-button-330621d4 gb-button-text gb-button-primary\" href=\"https:\/\/phios.group\/es\/contacto\/\">Solicitar informaci\u00f3n<\/a>\n\n<\/div><\/div>\n<\/div>\n<\/div>\n<\/div>\n\n<div class=\"gb-container gb-container-a42ab031 gb-container-standard\">\n\n<h2 class=\"gb-headline gb-headline-5b0dd7f7 gb-headline-text gb-headline-pre-h2\">Qu\u00e9 podemos hacer por usted<\/h2>\n\n\n\n<h2 class=\"gb-headline gb-headline-1815c0e3 gb-headline-text\">Sus ventajas con PHIOS<\/h2>\n\n\n\n<ul class=\"wp-block-list\">\n<li><strong>Experiencia en el sector: <\/strong>Con d\u00e9cadas de experiencia en el desarrollo de software industrial, somos eficaces y estamos especializados.<br><\/li>\n\n\n\n<li><strong>Ciberseguridad como est\u00e1ndar:<\/strong> La vivimos activamente y la implementamos con \u00e9xito en proyectos desde hace a\u00f1os.<br><\/li>\n\n\n\n<li><strong>Experiencia en mejores pr\u00e1cticas:<\/strong> Apoyo durante todo el ciclo de vida del producto con procesos y herramientas pr\u00e1cticas.<br><\/li>\n\n\n\n<li><strong>Individual y orientado a la colaboraci\u00f3n: <\/strong>Soluciones a medida dise\u00f1adas para su negocio.<br><\/li>\n\n\n\n<li><strong>Experiencia t\u00e9cnica y normativa:<\/strong> Garantizamos el cumplimiento, minimizamos los riesgos y aseguramos la viabilidad futura de sus productos.<br><\/li>\n\n\n\n<li><strong>Proximidad regional y apoyo personal:<\/strong> Colaboramos estrechamente con su equipo.<\/li>\n<\/ul>\n\n<\/div>\n\n<div class=\"gb-container gb-container-755da848 scroll-loop gb-container-standard\">\n\n<h2 class=\"gb-headline gb-headline-55e80c8d gb-headline-text\">Compru\u00e9belo usted mismo:<\/h2>\n\n\n\n<div class=\"gb-grid-wrapper gb-grid-wrapper-4d38a287 gb-query-loop-wrapper\">\n<div class=\"gb-grid-column gb-grid-column-cd47a98a gb-query-loop-item post-38298 projekte type-projekte status-publish has-post-thumbnail hentry bereich-consulting\"><div class=\"gb-container gb-container-cd47a98a teaser-wrapper\"><a class=\"gb-container-link\" href=\"https:\/\/phios.group\/es\/proyectos\/tttech-zyne\/\"><\/a>\n<figure class=\"gb-block-image gb-block-image-b7fc88a8\"><img decoding=\"async\" width=\"1107\" height=\"620\" src=\"https:\/\/phios.group\/wp-content\/uploads\/TTTech_ZYNE_Keyvisual.png\" class=\"gb-image-b7fc88a8 teaser-image\" alt=\"\" srcset=\"https:\/\/phios.group\/wp-content\/uploads\/TTTech_ZYNE_Keyvisual.png 1107w, https:\/\/phios.group\/wp-content\/uploads\/TTTech_ZYNE_Keyvisual-300x168.png 300w, https:\/\/phios.group\/wp-content\/uploads\/TTTech_ZYNE_Keyvisual-1024x574.png 1024w, https:\/\/phios.group\/wp-content\/uploads\/TTTech_ZYNE_Keyvisual-768x430.png 768w\" sizes=\"(max-width: 1107px) 100vw, 1107px\" \/><\/figure>\n\n<p class=\"gb-headline gb-headline-f2720bb9\"><span class=\"gb-icon\"><svg aria-hidden=\"true\" role=\"img\" height=\"1em\" width=\"1em\" viewbox=\"0 0 640 512\" xmlns=\"http:\/\/www.w3.org\/2000\/svg\"><path fill=\"currentColor\" d=\"M497.941 225.941L286.059 14.059A48 48 0 0 0 252.118 0H48C21.49 0 0 21.49 0 48v204.118a48 48 0 0 0 14.059 33.941l211.882 211.882c18.744 18.745 49.136 18.746 67.882 0l204.118-204.118c18.745-18.745 18.745-49.137 0-67.882zM112 160c-26.51 0-48-21.49-48-48s21.49-48 48-48 48 21.49 48 48-21.49 48-48 48zm513.941 133.823L421.823 497.941c-18.745 18.745-49.137 18.745-67.882 0l-.36-.36L527.64 323.522c16.999-16.999 26.36-39.6 26.36-63.64s-9.362-46.641-26.36-63.64L331.397 0h48.721a48 48 0 0 1 33.941 14.059l211.882 211.882c18.745 18.745 18.745 49.137 0 67.882z\"><\/path><\/svg><\/span><span class=\"gb-headline-text\"><span class=\"post-term-item term-consulting\">Consulting<\/span><\/span><\/p>\n\n<div class=\"gb-headline gb-headline-03f6bb64 gb-headline-text gb-headline-teaser\">TTTech ZYNE<\/div>\n\n<p class=\"gb-headline gb-headline-b4e4ffa8 gb-headline-text\">TTTech es una empresa austriaca que fabrica sistemas cr\u00edticos para la seguridad, por ejemplo para &#8230;<\/p>\n\n\n<div class=\"gb-headline gb-headline-dc60def4 teaser-icon\"><span class=\"gb-icon\"><svg aria-hidden=\"true\" role=\"img\" height=\"1em\" width=\"1em\" viewBox=\"0 0 256 512\" xmlns=\"http:\/\/www.w3.org\/2000\/svg\"><path fill=\"currentColor\" d=\"M224.3 273l-136 136c-9.4 9.4-24.6 9.4-33.9 0l-22.6-22.6c-9.4-9.4-9.4-24.6 0-33.9l96.4-96.4-96.4-96.4c-9.4-9.4-9.4-24.6 0-33.9L54.3 103c9.4-9.4 24.6-9.4 33.9 0l136 136c9.5 9.4 9.5 24.6.1 34z\"><\/path><\/svg><\/span><\/div>\n\n<\/div><\/div>\n\n<div class=\"gb-grid-column gb-grid-column-cd47a98a gb-query-loop-item post-38276 projekte type-projekte status-publish has-post-thumbnail hentry bereich-consulting bereich-software-engineering\"><div class=\"gb-container gb-container-cd47a98a teaser-wrapper\"><a class=\"gb-container-link\" href=\"https:\/\/phios.group\/es\/proyectos\/omicron-pqlyzer\/\"><\/a>\n<figure class=\"gb-block-image gb-block-image-b7fc88a8\"><img decoding=\"async\" width=\"2000\" height=\"1125\" src=\"https:\/\/phios.group\/wp-content\/uploads\/omicron_pyqlyzer.jpg\" class=\"gb-image-b7fc88a8 teaser-image\" alt=\"omicron_pyqlyzer\" srcset=\"https:\/\/phios.group\/wp-content\/uploads\/omicron_pyqlyzer.jpg 2000w, https:\/\/phios.group\/wp-content\/uploads\/omicron_pyqlyzer-300x169.jpg 300w, https:\/\/phios.group\/wp-content\/uploads\/omicron_pyqlyzer-1024x576.jpg 1024w, https:\/\/phios.group\/wp-content\/uploads\/omicron_pyqlyzer-768x432.jpg 768w, https:\/\/phios.group\/wp-content\/uploads\/omicron_pyqlyzer-1536x864.jpg 1536w\" sizes=\"(max-width: 2000px) 100vw, 2000px\" \/><\/figure>\n\n<p class=\"gb-headline gb-headline-f2720bb9\"><span class=\"gb-icon\"><svg aria-hidden=\"true\" role=\"img\" height=\"1em\" width=\"1em\" viewbox=\"0 0 640 512\" xmlns=\"http:\/\/www.w3.org\/2000\/svg\"><path fill=\"currentColor\" d=\"M497.941 225.941L286.059 14.059A48 48 0 0 0 252.118 0H48C21.49 0 0 21.49 0 48v204.118a48 48 0 0 0 14.059 33.941l211.882 211.882c18.744 18.745 49.136 18.746 67.882 0l204.118-204.118c18.745-18.745 18.745-49.137 0-67.882zM112 160c-26.51 0-48-21.49-48-48s21.49-48 48-48 48 21.49 48 48-21.49 48-48 48zm513.941 133.823L421.823 497.941c-18.745 18.745-49.137 18.745-67.882 0l-.36-.36L527.64 323.522c16.999-16.999 26.36-39.6 26.36-63.64s-9.362-46.641-26.36-63.64L331.397 0h48.721a48 48 0 0 1 33.941 14.059l211.882 211.882c18.745 18.745 18.745 49.137 0 67.882z\"><\/path><\/svg><\/span><span class=\"gb-headline-text\"><span class=\"post-term-item term-consulting\">Consulting<\/span>,&nbsp;<span class=\"post-term-item term-software-engineering\">Software Engineering<\/span><\/span><\/p>\n\n<div class=\"gb-headline gb-headline-03f6bb64 gb-headline-text gb-headline-teaser\">OMICRON &#8211; PQlyzer<\/div>\n\n<p class=\"gb-headline gb-headline-b4e4ffa8 gb-headline-text\">&#8220;Con PHIOS AG, nuestro socio desde hace muchos a\u00f1os, hemos lanzado con \u00e9xito un nuevo &#8230;<\/p>\n\n\n<div class=\"gb-headline gb-headline-dc60def4 teaser-icon\"><span class=\"gb-icon\"><svg aria-hidden=\"true\" role=\"img\" height=\"1em\" width=\"1em\" viewBox=\"0 0 256 512\" xmlns=\"http:\/\/www.w3.org\/2000\/svg\"><path fill=\"currentColor\" d=\"M224.3 273l-136 136c-9.4 9.4-24.6 9.4-33.9 0l-22.6-22.6c-9.4-9.4-9.4-24.6 0-33.9l96.4-96.4-96.4-96.4c-9.4-9.4-9.4-24.6 0-33.9L54.3 103c9.4-9.4 24.6-9.4 33.9 0l136 136c9.5 9.4 9.5 24.6.1 34z\"><\/path><\/svg><\/span><\/div>\n\n<\/div><\/div>\n\n<div class=\"gb-grid-column gb-grid-column-cd47a98a gb-query-loop-item post-37789 projekte type-projekte status-publish has-post-thumbnail hentry bereich-consulting bereich-software-engineering\"><div class=\"gb-container gb-container-cd47a98a teaser-wrapper\"><a class=\"gb-container-link\" href=\"https:\/\/phios.group\/es\/proyectos\/omicron-electronics-gmbh\/\"><\/a>\n<figure class=\"gb-block-image gb-block-image-b7fc88a8\"><img decoding=\"async\" width=\"348\" height=\"261\" src=\"https:\/\/phios.group\/wp-content\/uploads\/projects_omicron-1-1.png\" class=\"gb-image-b7fc88a8 teaser-image\" alt=\"\" srcset=\"https:\/\/phios.group\/wp-content\/uploads\/projects_omicron-1-1.png 348w, https:\/\/phios.group\/wp-content\/uploads\/projects_omicron-1-1-300x225.png 300w\" sizes=\"(max-width: 348px) 100vw, 348px\" \/><\/figure>\n\n<p class=\"gb-headline gb-headline-f2720bb9\"><span class=\"gb-icon\"><svg aria-hidden=\"true\" role=\"img\" height=\"1em\" width=\"1em\" viewbox=\"0 0 640 512\" xmlns=\"http:\/\/www.w3.org\/2000\/svg\"><path fill=\"currentColor\" d=\"M497.941 225.941L286.059 14.059A48 48 0 0 0 252.118 0H48C21.49 0 0 21.49 0 48v204.118a48 48 0 0 0 14.059 33.941l211.882 211.882c18.744 18.745 49.136 18.746 67.882 0l204.118-204.118c18.745-18.745 18.745-49.137 0-67.882zM112 160c-26.51 0-48-21.49-48-48s21.49-48 48-48 48 21.49 48 48-21.49 48-48 48zm513.941 133.823L421.823 497.941c-18.745 18.745-49.137 18.745-67.882 0l-.36-.36L527.64 323.522c16.999-16.999 26.36-39.6 26.36-63.64s-9.362-46.641-26.36-63.64L331.397 0h48.721a48 48 0 0 1 33.941 14.059l211.882 211.882c18.745 18.745 18.745 49.137 0 67.882z\"><\/path><\/svg><\/span><span class=\"gb-headline-text\"><span class=\"post-term-item term-consulting\">Consulting<\/span>,&nbsp;<span class=\"post-term-item term-software-engineering\">Software Engineering<\/span><\/span><\/p>\n\n<div class=\"gb-headline gb-headline-03f6bb64 gb-headline-text gb-headline-teaser\">OMICRON Electronics GmbH<\/div>\n\n<p class=\"gb-headline gb-headline-b4e4ffa8 gb-headline-text\">Con PHIOS AG tenemos un socio fiable y sostenible para las tareas relacionadas con la &#8230;<\/p>\n\n\n<div class=\"gb-headline gb-headline-dc60def4 teaser-icon\"><span class=\"gb-icon\"><svg aria-hidden=\"true\" role=\"img\" height=\"1em\" width=\"1em\" viewBox=\"0 0 256 512\" xmlns=\"http:\/\/www.w3.org\/2000\/svg\"><path fill=\"currentColor\" d=\"M224.3 273l-136 136c-9.4 9.4-24.6 9.4-33.9 0l-22.6-22.6c-9.4-9.4-9.4-24.6 0-33.9l96.4-96.4-96.4-96.4c-9.4-9.4-9.4-24.6 0-33.9L54.3 103c9.4-9.4 24.6-9.4 33.9 0l136 136c9.5 9.4 9.5 24.6.1 34z\"><\/path><\/svg><\/span><\/div>\n\n<\/div><\/div>\n<\/div>\n\n<\/div>","protected":false},"excerpt":{"rendered":"<p>LEY DE DATOS DE LA UE &amp; CUMPLIMIENTO DE LA CRA C\u00f3mo le ayuda PHIOS Qu\u00e9 podemos hacer por usted Sus ventajas con PHIOS Compru\u00e9belo usted mismo:<\/p>\n","protected":false},"author":19,"featured_media":0,"parent":37771,"menu_order":3,"comment_status":"closed","ping_status":"closed","template":"","meta":{"_acf_changed":false,"footnotes":""},"class_list":["post-38448","page","type-page","status-publish"],"acf":[],"yoast_head":"<!-- This site is optimized with the Yoast SEO Premium plugin v27.3 (Yoast SEO v27.3) - https:\/\/yoast.com\/product\/yoast-seo-premium-wordpress\/ -->\n<title>Ley de Datos de la UE &amp; cumplimiento de la CRA \u2013 PHIOS<\/title>\n<meta name=\"description\" content=\"Le asesoramos en cuestiones de gesti\u00f3n energ\u00e9tica y soluciones flexibles para la reconversi\u00f3n de su sistema energ\u00e9tico hacia las energ\u00edas renovables.\" \/>\n<meta name=\"robots\" content=\"index, follow, max-snippet:-1, max-image-preview:large, max-video-preview:-1\" \/>\n<link rel=\"canonical\" href=\"https:\/\/phios.group\/es\/servicios\/ley-de-datos-de-la-ue-cumplimiento-de-la-cra\/\" \/>\n<meta property=\"og:locale\" content=\"es_ES\" \/>\n<meta property=\"og:type\" content=\"article\" \/>\n<meta property=\"og:title\" content=\"Ley de Datos de la UE &amp; cumplimiento de la CRA\" \/>\n<meta property=\"og:description\" content=\"Le asesoramos en cuestiones de gesti\u00f3n energ\u00e9tica y soluciones flexibles para la reconversi\u00f3n de su sistema energ\u00e9tico hacia las energ\u00edas renovables.\" \/>\n<meta property=\"og:url\" content=\"https:\/\/phios.group\/es\/servicios\/ley-de-datos-de-la-ue-cumplimiento-de-la-cra\/\" \/>\n<meta property=\"og:site_name\" content=\"PHIOS\" \/>\n<meta property=\"article:modified_time\" content=\"2026-03-30T07:40:30+00:00\" \/>\n<meta name=\"twitter:card\" content=\"summary_large_image\" \/>\n<meta name=\"twitter:label1\" content=\"Tiempo de lectura\" \/>\n\t<meta name=\"twitter:data1\" content=\"2 minutos\" \/>\n<script type=\"application\/ld+json\" class=\"yoast-schema-graph\">{\"@context\":\"https:\\\/\\\/schema.org\",\"@graph\":[{\"@type\":\"WebPage\",\"@id\":\"https:\\\/\\\/phios.group\\\/es\\\/servicios\\\/ley-de-datos-de-la-ue-cumplimiento-de-la-cra\\\/\",\"url\":\"https:\\\/\\\/phios.group\\\/es\\\/servicios\\\/ley-de-datos-de-la-ue-cumplimiento-de-la-cra\\\/\",\"name\":\"Ley de Datos de la UE &amp; cumplimiento de la CRA \u2013 PHIOS\",\"isPartOf\":{\"@id\":\"https:\\\/\\\/phios.group\\\/es\\\/#website\"},\"datePublished\":\"2025-09-01T09:31:39+00:00\",\"dateModified\":\"2026-03-30T07:40:30+00:00\",\"description\":\"Le asesoramos en cuestiones de gesti\u00f3n energ\u00e9tica y soluciones flexibles para la reconversi\u00f3n de su sistema energ\u00e9tico hacia las energ\u00edas renovables.\",\"breadcrumb\":{\"@id\":\"https:\\\/\\\/phios.group\\\/es\\\/servicios\\\/ley-de-datos-de-la-ue-cumplimiento-de-la-cra\\\/#breadcrumb\"},\"inLanguage\":\"es\",\"potentialAction\":[{\"@type\":\"ReadAction\",\"target\":[\"https:\\\/\\\/phios.group\\\/es\\\/servicios\\\/ley-de-datos-de-la-ue-cumplimiento-de-la-cra\\\/\"]}]},{\"@type\":\"BreadcrumbList\",\"@id\":\"https:\\\/\\\/phios.group\\\/es\\\/servicios\\\/ley-de-datos-de-la-ue-cumplimiento-de-la-cra\\\/#breadcrumb\",\"itemListElement\":[{\"@type\":\"ListItem\",\"position\":1,\"name\":\"Home\",\"item\":\"https:\\\/\\\/phios.group\\\/es\\\/\"},{\"@type\":\"ListItem\",\"position\":2,\"name\":\"Servicios\",\"item\":\"https:\\\/\\\/phios.group\\\/es\\\/servicios\\\/\"},{\"@type\":\"ListItem\",\"position\":3,\"name\":\"Ley de Datos de la UE &amp; cumplimiento de la CRA\"}]},{\"@type\":\"WebSite\",\"@id\":\"https:\\\/\\\/phios.group\\\/es\\\/#website\",\"url\":\"https:\\\/\\\/phios.group\\\/es\\\/\",\"name\":\"PHIOS Group\",\"description\":\"we empower your business\",\"publisher\":{\"@id\":\"https:\\\/\\\/phios.group\\\/es\\\/#organization\"},\"potentialAction\":[{\"@type\":\"SearchAction\",\"target\":{\"@type\":\"EntryPoint\",\"urlTemplate\":\"https:\\\/\\\/phios.group\\\/es\\\/?s={search_term_string}\"},\"query-input\":{\"@type\":\"PropertyValueSpecification\",\"valueRequired\":true,\"valueName\":\"search_term_string\"}}],\"inLanguage\":\"es\"},{\"@type\":[\"Organization\",\"Place\"],\"@id\":\"https:\\\/\\\/phios.group\\\/es\\\/#organization\",\"name\":\"PHIOS AG\",\"url\":\"https:\\\/\\\/phios.group\\\/es\\\/\",\"logo\":{\"@id\":\"https:\\\/\\\/phios.group\\\/es\\\/servicios\\\/ley-de-datos-de-la-ue-cumplimiento-de-la-cra\\\/#local-main-organization-logo\"},\"image\":{\"@id\":\"https:\\\/\\\/phios.group\\\/es\\\/servicios\\\/ley-de-datos-de-la-ue-cumplimiento-de-la-cra\\\/#local-main-organization-logo\"},\"sameAs\":[\"https:\\\/\\\/www.instagram.com\\\/phios.group\\\/\",\"https:\\\/\\\/www.linkedin.com\\\/company\\\/phios-group\\\/\"],\"telephone\":[],\"openingHoursSpecification\":[{\"@type\":\"OpeningHoursSpecification\",\"dayOfWeek\":[\"Monday\",\"Tuesday\",\"Wednesday\",\"Thursday\",\"Friday\",\"Saturday\",\"Sunday\"],\"opens\":\"09:00\",\"closes\":\"17:00\"}]},{\"@type\":\"ImageObject\",\"inLanguage\":\"es\",\"@id\":\"https:\\\/\\\/phios.group\\\/es\\\/servicios\\\/ley-de-datos-de-la-ue-cumplimiento-de-la-cra\\\/#local-main-organization-logo\",\"url\":\"https:\\\/\\\/phios.group\\\/wp-content\\\/uploads\\\/PHIOS-Logomark-RGB.png\",\"contentUrl\":\"https:\\\/\\\/phios.group\\\/wp-content\\\/uploads\\\/PHIOS-Logomark-RGB.png\",\"width\":1042,\"height\":1025,\"caption\":\"PHIOS AG\"}]}<\/script>\n<!-- \/ Yoast SEO Premium plugin. -->","yoast_head_json":{"title":"Ley de Datos de la UE &amp; cumplimiento de la CRA \u2013 PHIOS","description":"Le asesoramos en cuestiones de gesti\u00f3n energ\u00e9tica y soluciones flexibles para la reconversi\u00f3n de su sistema energ\u00e9tico hacia las energ\u00edas renovables.","robots":{"index":"index","follow":"follow","max-snippet":"max-snippet:-1","max-image-preview":"max-image-preview:large","max-video-preview":"max-video-preview:-1"},"canonical":"https:\/\/phios.group\/es\/servicios\/ley-de-datos-de-la-ue-cumplimiento-de-la-cra\/","og_locale":"es_ES","og_type":"article","og_title":"Ley de Datos de la UE &amp; cumplimiento de la CRA","og_description":"Le asesoramos en cuestiones de gesti\u00f3n energ\u00e9tica y soluciones flexibles para la reconversi\u00f3n de su sistema energ\u00e9tico hacia las energ\u00edas renovables.","og_url":"https:\/\/phios.group\/es\/servicios\/ley-de-datos-de-la-ue-cumplimiento-de-la-cra\/","og_site_name":"PHIOS","article_modified_time":"2026-03-30T07:40:30+00:00","twitter_card":"summary_large_image","twitter_misc":{"Tiempo de lectura":"2 minutos"},"schema":{"@context":"https:\/\/schema.org","@graph":[{"@type":"WebPage","@id":"https:\/\/phios.group\/es\/servicios\/ley-de-datos-de-la-ue-cumplimiento-de-la-cra\/","url":"https:\/\/phios.group\/es\/servicios\/ley-de-datos-de-la-ue-cumplimiento-de-la-cra\/","name":"Ley de Datos de la UE &amp; cumplimiento de la CRA \u2013 PHIOS","isPartOf":{"@id":"https:\/\/phios.group\/es\/#website"},"datePublished":"2025-09-01T09:31:39+00:00","dateModified":"2026-03-30T07:40:30+00:00","description":"Le asesoramos en cuestiones de gesti\u00f3n energ\u00e9tica y soluciones flexibles para la reconversi\u00f3n de su sistema energ\u00e9tico hacia las energ\u00edas renovables.","breadcrumb":{"@id":"https:\/\/phios.group\/es\/servicios\/ley-de-datos-de-la-ue-cumplimiento-de-la-cra\/#breadcrumb"},"inLanguage":"es","potentialAction":[{"@type":"ReadAction","target":["https:\/\/phios.group\/es\/servicios\/ley-de-datos-de-la-ue-cumplimiento-de-la-cra\/"]}]},{"@type":"BreadcrumbList","@id":"https:\/\/phios.group\/es\/servicios\/ley-de-datos-de-la-ue-cumplimiento-de-la-cra\/#breadcrumb","itemListElement":[{"@type":"ListItem","position":1,"name":"Home","item":"https:\/\/phios.group\/es\/"},{"@type":"ListItem","position":2,"name":"Servicios","item":"https:\/\/phios.group\/es\/servicios\/"},{"@type":"ListItem","position":3,"name":"Ley de Datos de la UE &amp; cumplimiento de la CRA"}]},{"@type":"WebSite","@id":"https:\/\/phios.group\/es\/#website","url":"https:\/\/phios.group\/es\/","name":"PHIOS Group","description":"we empower your business","publisher":{"@id":"https:\/\/phios.group\/es\/#organization"},"potentialAction":[{"@type":"SearchAction","target":{"@type":"EntryPoint","urlTemplate":"https:\/\/phios.group\/es\/?s={search_term_string}"},"query-input":{"@type":"PropertyValueSpecification","valueRequired":true,"valueName":"search_term_string"}}],"inLanguage":"es"},{"@type":["Organization","Place"],"@id":"https:\/\/phios.group\/es\/#organization","name":"PHIOS AG","url":"https:\/\/phios.group\/es\/","logo":{"@id":"https:\/\/phios.group\/es\/servicios\/ley-de-datos-de-la-ue-cumplimiento-de-la-cra\/#local-main-organization-logo"},"image":{"@id":"https:\/\/phios.group\/es\/servicios\/ley-de-datos-de-la-ue-cumplimiento-de-la-cra\/#local-main-organization-logo"},"sameAs":["https:\/\/www.instagram.com\/phios.group\/","https:\/\/www.linkedin.com\/company\/phios-group\/"],"telephone":[],"openingHoursSpecification":[{"@type":"OpeningHoursSpecification","dayOfWeek":["Monday","Tuesday","Wednesday","Thursday","Friday","Saturday","Sunday"],"opens":"09:00","closes":"17:00"}]},{"@type":"ImageObject","inLanguage":"es","@id":"https:\/\/phios.group\/es\/servicios\/ley-de-datos-de-la-ue-cumplimiento-de-la-cra\/#local-main-organization-logo","url":"https:\/\/phios.group\/wp-content\/uploads\/PHIOS-Logomark-RGB.png","contentUrl":"https:\/\/phios.group\/wp-content\/uploads\/PHIOS-Logomark-RGB.png","width":1042,"height":1025,"caption":"PHIOS AG"}]}},"_links":{"self":[{"href":"https:\/\/phios.group\/es\/wp-json\/wp\/v2\/pages\/38448","targetHints":{"allow":["GET"]}}],"collection":[{"href":"https:\/\/phios.group\/es\/wp-json\/wp\/v2\/pages"}],"about":[{"href":"https:\/\/phios.group\/es\/wp-json\/wp\/v2\/types\/page"}],"author":[{"embeddable":true,"href":"https:\/\/phios.group\/es\/wp-json\/wp\/v2\/users\/19"}],"replies":[{"embeddable":true,"href":"https:\/\/phios.group\/es\/wp-json\/wp\/v2\/comments?post=38448"}],"version-history":[{"count":10,"href":"https:\/\/phios.group\/es\/wp-json\/wp\/v2\/pages\/38448\/revisions"}],"predecessor-version":[{"id":38708,"href":"https:\/\/phios.group\/es\/wp-json\/wp\/v2\/pages\/38448\/revisions\/38708"}],"up":[{"embeddable":true,"href":"https:\/\/phios.group\/es\/wp-json\/wp\/v2\/pages\/37771"}],"wp:attachment":[{"href":"https:\/\/phios.group\/es\/wp-json\/wp\/v2\/media?parent=38448"}],"curies":[{"name":"wp","href":"https:\/\/api.w.org\/{rel}","templated":true}]}}