{"id":38456,"date":"2025-09-01T09:32:22","date_gmt":"2025-09-01T09:32:22","guid":{"rendered":"https:\/\/phios.group\/?page_id=38456"},"modified":"2026-03-30T07:43:36","modified_gmt":"2026-03-30T07:43:36","slug":"soluciones-de-ia-a-medida","status":"publish","type":"page","link":"https:\/\/phios.group\/es\/servicios\/soluciones-de-ia-a-medida\/","title":{"rendered":"Soluciones de IA a medida"},"content":{"rendered":"\n<p><\/p>\n\n\n<div class=\"gb-container gb-container-d84c15d1 subpage-intro-services gb-container-intro\">\n<div class=\"gb-grid-wrapper gb-grid-wrapper-d38125f6 gb-grid-wrapper-large\">\n<div class=\"gb-grid-column gb-grid-column-8a4e28b6\"><div class=\"gb-container gb-container-8a4e28b6\">\n\n<h2 class=\"wp-block-heading\">\u00bfPor qu\u00e9 la inteligencia artificial?<\/h2>\n\n\n\n<p>Con la inteligencia artificial, se pueden automatizar procesos, aumentar la calidad y descubrir nuevos modelos de negocio. <\/p>\n\n\n\n<p>El reto, entre la exageraci\u00f3n y la realidad, a muchas empresas les resulta dif\u00edcil identificar campos de aplicaci\u00f3n estrat\u00e9gicamente relevantes, evaluar el beneficio econ\u00f3mico y desarrollar soluciones t\u00e9cnicamente viables. <\/p>\n\n\n\n<p>Aqu\u00ed es precisamente donde entra en juego PHIOS.<\/p>\n\n<\/div><\/div>\n\n<div class=\"gb-grid-column gb-grid-column-99f6fcef\"><div class=\"gb-container gb-container-99f6fcef\">\n\n<div class=\"gb-headline gb-headline-a4313a2d\"><span class=\"gb-icon\"><svg id=\"Layer_1\" data-name=\"Layer 1\" xmlns=\"http:\/\/www.w3.org\/2000\/svg\" width=\"64\" height=\"56\" viewBox=\"0 0 64 56\">   <path d=\"M59,36.58H5V4.58h54v32ZM7,34.58h50V6.58H7v28Z\" fill=\"#e8501e\"><\/path>   <rect x=\"9\" y=\"8.58\" width=\"2\" height=\"2\" fill=\"#e8501e\"><\/rect>   <rect x=\"13\" y=\"8.58\" width=\"2\" height=\"2\" fill=\"#e8501e\"><\/rect>   <rect x=\"17\" y=\"8.58\" width=\"2\" height=\"2\" fill=\"#e8501e\"><\/rect>   <rect x=\"6\" y=\"12.58\" width=\"52\" height=\"2\" fill=\"#e8501e\"><\/rect>   <path d=\"M51,35.58h-2v-3h-2.3l-.19-.75c-.35-1.36-.89-2.66-1.6-3.86l-.39-.67,1.62-1.62-4.24-4.24-1.62,1.62-.67-.39c-1.2-.71-2.5-1.25-3.86-1.6l-.75-.19v-2.3h-6v2.3l-.75.19c-1.36.35-2.66.89-3.86,1.6l-.67.39-1.62-1.62-4.24,4.24,1.62,1.62-.39.67c-.71,1.2-1.25,2.5-1.6,3.86l-.19.75h-2.3v3h-2v-5h2.77c.31-1.02.72-2,1.22-2.94l-1.96-1.96,7.07-7.07,1.96,1.96c.94-.5,1.92-.9,2.94-1.22v-2.77h10v2.77c1.02.31,2,.72,2.94,1.22l1.96-1.96,7.07,7.07-1.96,1.96c.5.94.9,1.92,1.22,2.94h2.77v5Z\" fill=\"#e8501e\"><\/path>   <path d=\"M43,35.58h-2c0-4.96-4.04-9-9-9s-9,4.04-9,9h-2c0-6.07,4.93-11,11-11s11,4.93,11,11Z\" fill=\"#e8501e\"><\/path>   <rect x=\"31\" y=\"30.58\" width=\"2\" height=\"2\" fill=\"#e8501e\"><\/rect>   <rect x=\"35\" y=\"30.58\" width=\"2\" height=\"2\" fill=\"#e8501e\"><\/rect>   <rect x=\"27\" y=\"30.58\" width=\"2\" height=\"2\" fill=\"#e8501e\"><\/rect>   <rect x=\"51\" y=\"16.58\" width=\"2\" height=\"2\" fill=\"#e8501e\"><\/rect>   <rect x=\"51\" y=\"20.58\" width=\"2\" height=\"2\" fill=\"#e8501e\"><\/rect>   <rect x=\"53\" y=\"18.58\" width=\"2\" height=\"2\" fill=\"#e8501e\"><\/rect>   <rect x=\"49\" y=\"18.58\" width=\"2\" height=\"2\" fill=\"#e8501e\"><\/rect>   <rect x=\"11\" y=\"21.58\" width=\"2\" height=\"2\" fill=\"#e8501e\"><\/rect>   <rect x=\"11\" y=\"25.58\" width=\"2\" height=\"2\" fill=\"#e8501e\"><\/rect>   <rect x=\"13\" y=\"23.58\" width=\"2\" height=\"2\" fill=\"#e8501e\"><\/rect>   <rect x=\"9\" y=\"23.58\" width=\"2\" height=\"2\" fill=\"#e8501e\"><\/rect>   <rect x=\"19\" y=\"54\" width=\"26\" height=\"2\" fill=\"#e8501e\"><\/rect>   <path d=\"M59.08,46H4.92C2.21,46,0,43.79,0,41.08V4.92C0,2.2,2.21,0,4.92,0h54.17c2.71,0,4.92,2.2,4.92,4.92v36.17c0,2.71-2.21,4.92-4.92,4.92ZM4.92,2c-1.61,0-2.92,1.31-2.92,2.92v36.17c0,1.61,1.31,2.92,2.92,2.92h54.17c1.61,0,2.92-1.31,2.92-2.92V4.92c0-1.61-1.31-2.92-2.92-2.92H4.92Z\" fill=\"#e8501e\"><\/path>   <rect x=\"3\" y=\"39\" width=\"58\" height=\"2\" fill=\"#e8501e\"><\/rect>   <path d=\"M42.34,56h-20.69l3.6-12h13.49l3.6,12ZM24.34,54h15.31l-2.4-8h-10.51l-2.4,8Z\" fill=\"#e8501e\"><\/path> <\/svg><\/span><\/div>\n\n<\/div><\/div>\n<\/div>\n<\/div>\n\n<div class=\"gb-container gb-container-ffd87d72 gb-container-standard\">\n\n<h2 class=\"gb-headline gb-headline-c04c87b8 gb-headline-text gb-headline-pre-h2\">Soluciones de IA a medida<\/h2>\n\n\n\n<h2 class=\"gb-headline gb-headline-170670d6 gb-headline-text\">C\u00f3mo le ayuda PHIOS<\/h2>\n\n\n\n<ul class=\"wp-block-list\">\n<li><strong>Generaci\u00f3n de ideas con nuestros expertos:<\/strong> Juntos, identificamos oportunidades concretas de aplicaci\u00f3n de la IA basadas en la estrategia, los procesos y los productos de su empresa.<br><\/li>\n\n\n\n<li><strong>Evaluaci\u00f3n del potencial:<\/strong> Examinamos el impacto econ\u00f3mico, la viabilidad t\u00e9cnica y los beneficios para su empresa, con un claro enfoque en las personas.<br><\/li>\n\n\n\n<li><strong>Prueba de concepto (PoC):<\/strong> En solo unos d\u00edas, desarrollamos un prototipo inicial que demuestra la idoneidad pr\u00e1ctica y sienta las bases para un mayor desarrollo.<br><\/li>\n\n\n\n<li><strong>Implementaci\u00f3n productiva: <\/strong>Desde herramientas internas de IA hasta procesos automatizados y sistemas ag\u00e9nticos, integramos su soluci\u00f3n de forma segura, eficiente y fluida en su empresa.<\/li>\n<\/ul>\n\n<\/div>\n\n<div class=\"gb-container gb-container-caa08d1b cta-section gb-container-cta-outer\">\n<div class=\"gb-container gb-container-85839a19 gb-container-cta-inner\">\n<div class=\"gb-grid-wrapper gb-grid-wrapper-1462b240 gb-grid-wrapper-large-stacked\">\n<div class=\"gb-grid-column gb-grid-column-6056f727\"><div class=\"gb-container gb-container-6056f727\">\n\n<h2 class=\"gb-headline gb-headline-c0da81bb gb-headline-text\">\u00a1Hablemos de inteligencia artificial!<\/h2>\n\n<\/div><\/div>\n\n<div class=\"gb-grid-column gb-grid-column-a1e4dbfb\"><div class=\"gb-container gb-container-a1e4dbfb\">\n\n<p class=\"gb-headline gb-headline-0ca6786a gb-headline-text\">Su introducci\u00f3n al uso pr\u00e1ctico de la inteligencia artificial, con asistencia personalizada desde los primeros pasos hasta aplicaciones profesionales a gran escala.<\/p>\n\n\n\n<a class=\"gb-button gb-button-330621d4 gb-button-text gb-button-primary\" href=\"https:\/\/phios.group\/es\/contacto\/\">Solicitar informaci\u00f3n<\/a>\n\n<\/div><\/div>\n<\/div>\n<\/div>\n<\/div>\n\n<div class=\"gb-container gb-container-cf87c50d gb-container-standard\">\n\n<h2 class=\"gb-headline gb-headline-f9d995f9 gb-headline-text gb-headline-pre-h2\">Qu\u00e9 podemos hacer por usted<\/h2>\n\n\n\n<h2 class=\"gb-headline gb-headline-90947517 gb-headline-text\">Sus beneficios con PHIOS<\/h2>\n\n\n\n<ul class=\"wp-block-list\">\n<li><strong>Enfoque hol\u00edstico: <\/strong>Desde el concepto hasta la implementaci\u00f3n, le acompa\u00f1amos durante todo el proceso.<br><\/li>\n\n\n\n<li><strong>Tecnolog\u00eda y estrategia combinadas:<\/strong> Desarrollamos soluciones que se ajustan plenamente a sus objetivos estrat\u00e9gicos, sin dejar de ser viables desde el punto de vista econ\u00f3mico y t\u00e9cnico.<br><\/li>\n\n\n\n<li><strong>Resultados r\u00e1pidos: <\/strong>Una prueba de concepto totalmente funcional en solo unos d\u00edas.<br><\/li>\n\n\n\n<li><strong>A medida, no est\u00e1ndar:<\/strong> Soluciones dise\u00f1adas espec\u00edficamente para su empresa.<br><\/li>\n\n\n\n<li><strong>Proximidad regional y asistencia personalizada:<\/strong> Colaboramos estrechamente con su equipo.<\/li>\n<\/ul>\n\n<\/div>\n\n<div class=\"gb-container gb-container-4d233fae scroll-loop gb-container-standard\">\n\n<h2 class=\"gb-headline gb-headline-41226eb9 gb-headline-text\">Compru\u00e9belo usted mismo:<\/h2>\n\n\n\n<div class=\"gb-grid-wrapper gb-grid-wrapper-5e78b52f gb-query-loop-wrapper\">\n<div class=\"gb-grid-column gb-grid-column-c3270afc gb-query-loop-item post-38293 projekte type-projekte status-publish has-post-thumbnail hentry bereich-software-engineering\"><div class=\"gb-container gb-container-c3270afc teaser-wrapper\"><a class=\"gb-container-link\" href=\"https:\/\/phios.group\/es\/proyectos\/zumtobel-dalec\/\"><\/a>\n<figure class=\"gb-block-image gb-block-image-de35af32\"><img decoding=\"async\" width=\"1025\" height=\"768\" src=\"https:\/\/phios.group\/wp-content\/uploads\/dalec_ExtendedResults_LineOpen_140704_Final.png\" class=\"gb-image-de35af32 teaser-image\" alt=\"\" srcset=\"https:\/\/phios.group\/wp-content\/uploads\/dalec_ExtendedResults_LineOpen_140704_Final.png 1025w, https:\/\/phios.group\/wp-content\/uploads\/dalec_ExtendedResults_LineOpen_140704_Final-300x225.png 300w, https:\/\/phios.group\/wp-content\/uploads\/dalec_ExtendedResults_LineOpen_140704_Final-768x575.png 768w\" sizes=\"(max-width: 1025px) 100vw, 1025px\" \/><\/figure>\n\n<p class=\"gb-headline gb-headline-ed002aed\"><span class=\"gb-icon\"><svg aria-hidden=\"true\" role=\"img\" height=\"1em\" width=\"1em\" viewbox=\"0 0 640 512\" xmlns=\"http:\/\/www.w3.org\/2000\/svg\"><path fill=\"currentColor\" d=\"M497.941 225.941L286.059 14.059A48 48 0 0 0 252.118 0H48C21.49 0 0 21.49 0 48v204.118a48 48 0 0 0 14.059 33.941l211.882 211.882c18.744 18.745 49.136 18.746 67.882 0l204.118-204.118c18.745-18.745 18.745-49.137 0-67.882zM112 160c-26.51 0-48-21.49-48-48s21.49-48 48-48 48 21.49 48 48-21.49 48-48 48zm513.941 133.823L421.823 497.941c-18.745 18.745-49.137 18.745-67.882 0l-.36-.36L527.64 323.522c16.999-16.999 26.36-39.6 26.36-63.64s-9.362-46.641-26.36-63.64L331.397 0h48.721a48 48 0 0 1 33.941 14.059l211.882 211.882c18.745 18.745 18.745 49.137 0 67.882z\"><\/path><\/svg><\/span><span class=\"gb-headline-text\"><span class=\"post-term-item term-software-engineering\">Software Engineering<\/span><\/span><\/p>\n\n<div class=\"gb-headline gb-headline-b93b3b81 gb-headline-text gb-headline-teaser\">Zumtobel &#8211; DALEC<\/div>\n\n<p class=\"gb-headline gb-headline-f6320e3a gb-headline-text\">Zumtobel Lighting, de Dornbirn, es especialista en soluciones innovadoras de iluminaci\u00f3n tanto para interiores como &#8230;<\/p>\n\n\n<div class=\"gb-headline gb-headline-b68fffb8 teaser-icon\"><span class=\"gb-icon\"><svg aria-hidden=\"true\" role=\"img\" height=\"1em\" width=\"1em\" viewBox=\"0 0 256 512\" xmlns=\"http:\/\/www.w3.org\/2000\/svg\"><path fill=\"currentColor\" d=\"M224.3 273l-136 136c-9.4 9.4-24.6 9.4-33.9 0l-22.6-22.6c-9.4-9.4-9.4-24.6 0-33.9l96.4-96.4-96.4-96.4c-9.4-9.4-9.4-24.6 0-33.9L54.3 103c9.4-9.4 24.6-9.4 33.9 0l136 136c9.5 9.4 9.5 24.6.1 34z\"><\/path><\/svg><\/span><\/div>\n\n<\/div><\/div>\n\n<div class=\"gb-grid-column gb-grid-column-c3270afc gb-query-loop-item post-38276 projekte type-projekte status-publish has-post-thumbnail hentry bereich-consulting bereich-software-engineering\"><div class=\"gb-container gb-container-c3270afc teaser-wrapper\"><a class=\"gb-container-link\" href=\"https:\/\/phios.group\/es\/proyectos\/omicron-pqlyzer\/\"><\/a>\n<figure class=\"gb-block-image gb-block-image-de35af32\"><img decoding=\"async\" width=\"2000\" height=\"1125\" src=\"https:\/\/phios.group\/wp-content\/uploads\/omicron_pyqlyzer.jpg\" class=\"gb-image-de35af32 teaser-image\" alt=\"omicron_pyqlyzer\" srcset=\"https:\/\/phios.group\/wp-content\/uploads\/omicron_pyqlyzer.jpg 2000w, https:\/\/phios.group\/wp-content\/uploads\/omicron_pyqlyzer-300x169.jpg 300w, https:\/\/phios.group\/wp-content\/uploads\/omicron_pyqlyzer-1024x576.jpg 1024w, https:\/\/phios.group\/wp-content\/uploads\/omicron_pyqlyzer-768x432.jpg 768w, https:\/\/phios.group\/wp-content\/uploads\/omicron_pyqlyzer-1536x864.jpg 1536w\" sizes=\"(max-width: 2000px) 100vw, 2000px\" \/><\/figure>\n\n<p class=\"gb-headline gb-headline-ed002aed\"><span class=\"gb-icon\"><svg aria-hidden=\"true\" role=\"img\" height=\"1em\" width=\"1em\" viewbox=\"0 0 640 512\" xmlns=\"http:\/\/www.w3.org\/2000\/svg\"><path fill=\"currentColor\" d=\"M497.941 225.941L286.059 14.059A48 48 0 0 0 252.118 0H48C21.49 0 0 21.49 0 48v204.118a48 48 0 0 0 14.059 33.941l211.882 211.882c18.744 18.745 49.136 18.746 67.882 0l204.118-204.118c18.745-18.745 18.745-49.137 0-67.882zM112 160c-26.51 0-48-21.49-48-48s21.49-48 48-48 48 21.49 48 48-21.49 48-48 48zm513.941 133.823L421.823 497.941c-18.745 18.745-49.137 18.745-67.882 0l-.36-.36L527.64 323.522c16.999-16.999 26.36-39.6 26.36-63.64s-9.362-46.641-26.36-63.64L331.397 0h48.721a48 48 0 0 1 33.941 14.059l211.882 211.882c18.745 18.745 18.745 49.137 0 67.882z\"><\/path><\/svg><\/span><span class=\"gb-headline-text\"><span class=\"post-term-item term-consulting\">Consulting<\/span>,&nbsp;<span class=\"post-term-item term-software-engineering\">Software Engineering<\/span><\/span><\/p>\n\n<div class=\"gb-headline gb-headline-b93b3b81 gb-headline-text gb-headline-teaser\">OMICRON &#8211; PQlyzer<\/div>\n\n<p class=\"gb-headline gb-headline-f6320e3a gb-headline-text\">&#8220;Con PHIOS AG, nuestro socio desde hace muchos a\u00f1os, hemos lanzado con \u00e9xito un nuevo &#8230;<\/p>\n\n\n<div class=\"gb-headline gb-headline-b68fffb8 teaser-icon\"><span class=\"gb-icon\"><svg aria-hidden=\"true\" role=\"img\" height=\"1em\" width=\"1em\" viewBox=\"0 0 256 512\" xmlns=\"http:\/\/www.w3.org\/2000\/svg\"><path fill=\"currentColor\" d=\"M224.3 273l-136 136c-9.4 9.4-24.6 9.4-33.9 0l-22.6-22.6c-9.4-9.4-9.4-24.6 0-33.9l96.4-96.4-96.4-96.4c-9.4-9.4-9.4-24.6 0-33.9L54.3 103c9.4-9.4 24.6-9.4 33.9 0l136 136c9.5 9.4 9.5 24.6.1 34z\"><\/path><\/svg><\/span><\/div>\n\n<\/div><\/div>\n\n<div class=\"gb-grid-column gb-grid-column-c3270afc gb-query-loop-item post-38246 projekte type-projekte status-publish has-post-thumbnail hentry bereich-software-engineering\"><div class=\"gb-container gb-container-c3270afc teaser-wrapper\"><a class=\"gb-container-link\" href=\"https:\/\/phios.group\/es\/proyectos\/zumtobel-lighting-gmbh\/\"><\/a>\n<figure class=\"gb-block-image gb-block-image-de35af32\"><img decoding=\"async\" width=\"1999\" height=\"1333\" src=\"https:\/\/phios.group\/wp-content\/uploads\/image.svg\" class=\"gb-image-de35af32 teaser-image\" alt=\"\" \/><\/figure>\n\n<p class=\"gb-headline gb-headline-ed002aed\"><span class=\"gb-icon\"><svg aria-hidden=\"true\" role=\"img\" height=\"1em\" width=\"1em\" viewbox=\"0 0 640 512\" xmlns=\"http:\/\/www.w3.org\/2000\/svg\"><path fill=\"currentColor\" d=\"M497.941 225.941L286.059 14.059A48 48 0 0 0 252.118 0H48C21.49 0 0 21.49 0 48v204.118a48 48 0 0 0 14.059 33.941l211.882 211.882c18.744 18.745 49.136 18.746 67.882 0l204.118-204.118c18.745-18.745 18.745-49.137 0-67.882zM112 160c-26.51 0-48-21.49-48-48s21.49-48 48-48 48 21.49 48 48-21.49 48-48 48zm513.941 133.823L421.823 497.941c-18.745 18.745-49.137 18.745-67.882 0l-.36-.36L527.64 323.522c16.999-16.999 26.36-39.6 26.36-63.64s-9.362-46.641-26.36-63.64L331.397 0h48.721a48 48 0 0 1 33.941 14.059l211.882 211.882c18.745 18.745 18.745 49.137 0 67.882z\"><\/path><\/svg><\/span><span class=\"gb-headline-text\"><span class=\"post-term-item term-software-engineering\">Software Engineering<\/span><\/span><\/p>\n\n<div class=\"gb-headline gb-headline-b93b3b81 gb-headline-text gb-headline-teaser\">Zumtobel Lighting GmbH<\/div>\n\n<p class=\"gb-headline gb-headline-f6320e3a gb-headline-text\">Zumtobel Lighting GmbH, empresa austriaca con sede en Dornbirn, especializada en soluciones de iluminaci\u00f3n innovadoras &#8230;<\/p>\n\n\n<div class=\"gb-headline gb-headline-b68fffb8 teaser-icon\"><span class=\"gb-icon\"><svg aria-hidden=\"true\" role=\"img\" height=\"1em\" width=\"1em\" viewBox=\"0 0 256 512\" xmlns=\"http:\/\/www.w3.org\/2000\/svg\"><path fill=\"currentColor\" d=\"M224.3 273l-136 136c-9.4 9.4-24.6 9.4-33.9 0l-22.6-22.6c-9.4-9.4-9.4-24.6 0-33.9l96.4-96.4-96.4-96.4c-9.4-9.4-9.4-24.6 0-33.9L54.3 103c9.4-9.4 24.6-9.4 33.9 0l136 136c9.5 9.4 9.5 24.6.1 34z\"><\/path><\/svg><\/span><\/div>\n\n<\/div><\/div>\n<\/div>\n\n<\/div>","protected":false},"excerpt":{"rendered":"<p>Soluciones de IA a medida C\u00f3mo le ayuda PHIOS Qu\u00e9 podemos hacer por usted Sus beneficios con PHIOS Compru\u00e9belo usted mismo:<\/p>\n","protected":false},"author":19,"featured_media":0,"parent":37771,"menu_order":4,"comment_status":"closed","ping_status":"closed","template":"","meta":{"_acf_changed":false,"footnotes":""},"class_list":["post-38456","page","type-page","status-publish"],"acf":[],"yoast_head":"<!-- This site is optimized with the Yoast SEO Premium plugin v27.3 (Yoast SEO v27.3) - https:\/\/yoast.com\/product\/yoast-seo-premium-wordpress\/ -->\n<title>Soluciones de IA a medida \u2013 PHIOS<\/title>\n<meta name=\"description\" content=\"Le acompa\u00f1amos desde el primer boceto hasta el concepto integral y la realizaci\u00f3n de alta calidad.\" \/>\n<meta name=\"robots\" content=\"index, follow, max-snippet:-1, max-image-preview:large, max-video-preview:-1\" \/>\n<link rel=\"canonical\" href=\"https:\/\/phios.group\/es\/servicios\/soluciones-de-ia-a-medida\/\" \/>\n<meta property=\"og:locale\" content=\"es_ES\" \/>\n<meta property=\"og:type\" content=\"article\" \/>\n<meta property=\"og:title\" content=\"Soluciones de IA a medida\" \/>\n<meta property=\"og:description\" content=\"Le acompa\u00f1amos desde el primer boceto hasta el concepto integral y la realizaci\u00f3n de alta calidad.\" \/>\n<meta property=\"og:url\" content=\"https:\/\/phios.group\/es\/servicios\/soluciones-de-ia-a-medida\/\" \/>\n<meta property=\"og:site_name\" content=\"PHIOS\" \/>\n<meta property=\"article:modified_time\" content=\"2026-03-30T07:43:36+00:00\" \/>\n<meta name=\"twitter:card\" content=\"summary_large_image\" \/>\n<meta name=\"twitter:label1\" content=\"Tiempo de lectura\" \/>\n\t<meta name=\"twitter:data1\" content=\"2 minutos\" \/>\n<script type=\"application\/ld+json\" class=\"yoast-schema-graph\">{\"@context\":\"https:\\\/\\\/schema.org\",\"@graph\":[{\"@type\":\"WebPage\",\"@id\":\"https:\\\/\\\/phios.group\\\/es\\\/servicios\\\/soluciones-de-ia-a-medida\\\/\",\"url\":\"https:\\\/\\\/phios.group\\\/es\\\/servicios\\\/soluciones-de-ia-a-medida\\\/\",\"name\":\"Soluciones de IA a medida \u2013 PHIOS\",\"isPartOf\":{\"@id\":\"https:\\\/\\\/phios.group\\\/es\\\/#website\"},\"datePublished\":\"2025-09-01T09:32:22+00:00\",\"dateModified\":\"2026-03-30T07:43:36+00:00\",\"description\":\"Le acompa\u00f1amos desde el primer boceto hasta el concepto integral y la realizaci\u00f3n de alta calidad.\",\"breadcrumb\":{\"@id\":\"https:\\\/\\\/phios.group\\\/es\\\/servicios\\\/soluciones-de-ia-a-medida\\\/#breadcrumb\"},\"inLanguage\":\"es\",\"potentialAction\":[{\"@type\":\"ReadAction\",\"target\":[\"https:\\\/\\\/phios.group\\\/es\\\/servicios\\\/soluciones-de-ia-a-medida\\\/\"]}]},{\"@type\":\"BreadcrumbList\",\"@id\":\"https:\\\/\\\/phios.group\\\/es\\\/servicios\\\/soluciones-de-ia-a-medida\\\/#breadcrumb\",\"itemListElement\":[{\"@type\":\"ListItem\",\"position\":1,\"name\":\"Home\",\"item\":\"https:\\\/\\\/phios.group\\\/es\\\/\"},{\"@type\":\"ListItem\",\"position\":2,\"name\":\"Servicios\",\"item\":\"https:\\\/\\\/phios.group\\\/es\\\/servicios\\\/\"},{\"@type\":\"ListItem\",\"position\":3,\"name\":\"Soluciones de IA a medida\"}]},{\"@type\":\"WebSite\",\"@id\":\"https:\\\/\\\/phios.group\\\/es\\\/#website\",\"url\":\"https:\\\/\\\/phios.group\\\/es\\\/\",\"name\":\"PHIOS Group\",\"description\":\"we empower your business\",\"publisher\":{\"@id\":\"https:\\\/\\\/phios.group\\\/es\\\/#organization\"},\"potentialAction\":[{\"@type\":\"SearchAction\",\"target\":{\"@type\":\"EntryPoint\",\"urlTemplate\":\"https:\\\/\\\/phios.group\\\/es\\\/?s={search_term_string}\"},\"query-input\":{\"@type\":\"PropertyValueSpecification\",\"valueRequired\":true,\"valueName\":\"search_term_string\"}}],\"inLanguage\":\"es\"},{\"@type\":[\"Organization\",\"Place\"],\"@id\":\"https:\\\/\\\/phios.group\\\/es\\\/#organization\",\"name\":\"PHIOS AG\",\"url\":\"https:\\\/\\\/phios.group\\\/es\\\/\",\"logo\":{\"@id\":\"https:\\\/\\\/phios.group\\\/es\\\/servicios\\\/soluciones-de-ia-a-medida\\\/#local-main-organization-logo\"},\"image\":{\"@id\":\"https:\\\/\\\/phios.group\\\/es\\\/servicios\\\/soluciones-de-ia-a-medida\\\/#local-main-organization-logo\"},\"sameAs\":[\"https:\\\/\\\/www.instagram.com\\\/phios.group\\\/\",\"https:\\\/\\\/www.linkedin.com\\\/company\\\/phios-group\\\/\"],\"telephone\":[],\"openingHoursSpecification\":[{\"@type\":\"OpeningHoursSpecification\",\"dayOfWeek\":[\"Monday\",\"Tuesday\",\"Wednesday\",\"Thursday\",\"Friday\",\"Saturday\",\"Sunday\"],\"opens\":\"09:00\",\"closes\":\"17:00\"}]},{\"@type\":\"ImageObject\",\"inLanguage\":\"es\",\"@id\":\"https:\\\/\\\/phios.group\\\/es\\\/servicios\\\/soluciones-de-ia-a-medida\\\/#local-main-organization-logo\",\"url\":\"https:\\\/\\\/phios.group\\\/wp-content\\\/uploads\\\/PHIOS-Logomark-RGB.png\",\"contentUrl\":\"https:\\\/\\\/phios.group\\\/wp-content\\\/uploads\\\/PHIOS-Logomark-RGB.png\",\"width\":1042,\"height\":1025,\"caption\":\"PHIOS AG\"}]}<\/script>\n<!-- \/ Yoast SEO Premium plugin. -->","yoast_head_json":{"title":"Soluciones de IA a medida \u2013 PHIOS","description":"Le acompa\u00f1amos desde el primer boceto hasta el concepto integral y la realizaci\u00f3n de alta calidad.","robots":{"index":"index","follow":"follow","max-snippet":"max-snippet:-1","max-image-preview":"max-image-preview:large","max-video-preview":"max-video-preview:-1"},"canonical":"https:\/\/phios.group\/es\/servicios\/soluciones-de-ia-a-medida\/","og_locale":"es_ES","og_type":"article","og_title":"Soluciones de IA a medida","og_description":"Le acompa\u00f1amos desde el primer boceto hasta el concepto integral y la realizaci\u00f3n de alta calidad.","og_url":"https:\/\/phios.group\/es\/servicios\/soluciones-de-ia-a-medida\/","og_site_name":"PHIOS","article_modified_time":"2026-03-30T07:43:36+00:00","twitter_card":"summary_large_image","twitter_misc":{"Tiempo de lectura":"2 minutos"},"schema":{"@context":"https:\/\/schema.org","@graph":[{"@type":"WebPage","@id":"https:\/\/phios.group\/es\/servicios\/soluciones-de-ia-a-medida\/","url":"https:\/\/phios.group\/es\/servicios\/soluciones-de-ia-a-medida\/","name":"Soluciones de IA a medida \u2013 PHIOS","isPartOf":{"@id":"https:\/\/phios.group\/es\/#website"},"datePublished":"2025-09-01T09:32:22+00:00","dateModified":"2026-03-30T07:43:36+00:00","description":"Le acompa\u00f1amos desde el primer boceto hasta el concepto integral y la realizaci\u00f3n de alta calidad.","breadcrumb":{"@id":"https:\/\/phios.group\/es\/servicios\/soluciones-de-ia-a-medida\/#breadcrumb"},"inLanguage":"es","potentialAction":[{"@type":"ReadAction","target":["https:\/\/phios.group\/es\/servicios\/soluciones-de-ia-a-medida\/"]}]},{"@type":"BreadcrumbList","@id":"https:\/\/phios.group\/es\/servicios\/soluciones-de-ia-a-medida\/#breadcrumb","itemListElement":[{"@type":"ListItem","position":1,"name":"Home","item":"https:\/\/phios.group\/es\/"},{"@type":"ListItem","position":2,"name":"Servicios","item":"https:\/\/phios.group\/es\/servicios\/"},{"@type":"ListItem","position":3,"name":"Soluciones de IA a medida"}]},{"@type":"WebSite","@id":"https:\/\/phios.group\/es\/#website","url":"https:\/\/phios.group\/es\/","name":"PHIOS Group","description":"we empower your business","publisher":{"@id":"https:\/\/phios.group\/es\/#organization"},"potentialAction":[{"@type":"SearchAction","target":{"@type":"EntryPoint","urlTemplate":"https:\/\/phios.group\/es\/?s={search_term_string}"},"query-input":{"@type":"PropertyValueSpecification","valueRequired":true,"valueName":"search_term_string"}}],"inLanguage":"es"},{"@type":["Organization","Place"],"@id":"https:\/\/phios.group\/es\/#organization","name":"PHIOS AG","url":"https:\/\/phios.group\/es\/","logo":{"@id":"https:\/\/phios.group\/es\/servicios\/soluciones-de-ia-a-medida\/#local-main-organization-logo"},"image":{"@id":"https:\/\/phios.group\/es\/servicios\/soluciones-de-ia-a-medida\/#local-main-organization-logo"},"sameAs":["https:\/\/www.instagram.com\/phios.group\/","https:\/\/www.linkedin.com\/company\/phios-group\/"],"telephone":[],"openingHoursSpecification":[{"@type":"OpeningHoursSpecification","dayOfWeek":["Monday","Tuesday","Wednesday","Thursday","Friday","Saturday","Sunday"],"opens":"09:00","closes":"17:00"}]},{"@type":"ImageObject","inLanguage":"es","@id":"https:\/\/phios.group\/es\/servicios\/soluciones-de-ia-a-medida\/#local-main-organization-logo","url":"https:\/\/phios.group\/wp-content\/uploads\/PHIOS-Logomark-RGB.png","contentUrl":"https:\/\/phios.group\/wp-content\/uploads\/PHIOS-Logomark-RGB.png","width":1042,"height":1025,"caption":"PHIOS AG"}]}},"_links":{"self":[{"href":"https:\/\/phios.group\/es\/wp-json\/wp\/v2\/pages\/38456","targetHints":{"allow":["GET"]}}],"collection":[{"href":"https:\/\/phios.group\/es\/wp-json\/wp\/v2\/pages"}],"about":[{"href":"https:\/\/phios.group\/es\/wp-json\/wp\/v2\/types\/page"}],"author":[{"embeddable":true,"href":"https:\/\/phios.group\/es\/wp-json\/wp\/v2\/users\/19"}],"replies":[{"embeddable":true,"href":"https:\/\/phios.group\/es\/wp-json\/wp\/v2\/comments?post=38456"}],"version-history":[{"count":6,"href":"https:\/\/phios.group\/es\/wp-json\/wp\/v2\/pages\/38456\/revisions"}],"predecessor-version":[{"id":38711,"href":"https:\/\/phios.group\/es\/wp-json\/wp\/v2\/pages\/38456\/revisions\/38711"}],"up":[{"embeddable":true,"href":"https:\/\/phios.group\/es\/wp-json\/wp\/v2\/pages\/37771"}],"wp:attachment":[{"href":"https:\/\/phios.group\/es\/wp-json\/wp\/v2\/media?parent=38456"}],"curies":[{"name":"wp","href":"https:\/\/api.w.org\/{rel}","templated":true}]}}